{"id":9661,"date":"2022-12-27T12:17:54","date_gmt":"2022-12-27T11:17:54","guid":{"rendered":"https:\/\/topicenergy.mediatd.com\/?page_id=9661"},"modified":"2022-12-27T12:25:17","modified_gmt":"2022-12-27T11:25:17","slug":"nos-partenaires","status":"publish","type":"page","link":"https:\/\/topicenergy.mediatd.com\/fr\/nos-partenaires\/","title":{"rendered":"Nos partenaires"},"content":{"rendered":"\t\t<div data-elementor-type=\"wp-page\" data-elementor-id=\"9661\" class=\"elementor elementor-9661\">\n\t\t\t\t\t\t\t\t\t<section class=\"elementor-section elementor-top-section elementor-element elementor-element-7bb250b elementor-section-boxed elementor-section-height-default elementor-section-height-default\" data-id=\"7bb250b\" data-element_type=\"section\" data-settings=\"{&quot;background_background&quot;:&quot;classic&quot;}\">\n\t\t\t\t\t\t<div class=\"elementor-container elementor-column-gap-default\">\n\t\t\t\t\t<div class=\"elementor-column elementor-col-75 elementor-top-column elementor-element elementor-element-7bb2a8b\" data-id=\"7bb2a8b\" data-element_type=\"column\">\n\t\t\t<div class=\"elementor-widget-wrap elementor-element-populated\">\n\t\t\t\t\t\t\t\t<section class=\"elementor-section elementor-top-section elementor-element elementor-element-7bb30c9 elementor-section-boxed elementor-section-height-default elementor-section-height-default\" data-id=\"7bb30c9\" data-element_type=\"section\" data-settings=\"{&quot;background_background&quot;:&quot;classic&quot;}\">\n\t\t\t\t\t\t<div class=\"elementor-container elementor-column-gap-default\">\n\t\t\t\t\t<div class=\"elementor-column elementor-col-100 elementor-top-column elementor-element elementor-element-7bb35d7\" data-id=\"7bb35d7\" data-element_type=\"column\">\n\t\t\t<div class=\"elementor-widget-wrap elementor-element-populated\">\n\t\t\t\t\t\t\t\t<div class=\"elementor-element elementor-element-7bb39ab elementor-widget elementor-widget-stm_partner\" data-id=\"7bb39ab\" data-element_type=\"widget\" data-widget_type=\"stm_partner.default\">\n\t\t\t\t<div class=\"elementor-widget-container\">\n\t\t\t<div class=\"stm_partner consulting_elementor_partner style_2\">\n            <div class=\"image\">\n            <img decoding=\"async\" loading=\"lazy\" class=\"\" src=\"https:\/\/topicenergy.mediatd.com\/wp-content\/uploads\/2022\/12\/placeholder-350x204.gif\" width=\"350\" height=\"204\" alt=\"consulting_placeholder\" title=\"placeholder.gif\" \/>        <\/div>\n        <div class=\"stm_partner_content\">\n                                                                        <h4 class=\"no_stripe\"><a href=\"#\" target=\"_self\">Soci\u00e9t\u00e9 Aramiz <\/a><\/h4>\n                                                        <div class=\"position\">\n                Dispositifs de suivi des performances sportives<br \/>\nEscondido, Californie\n            <\/div>\n                            <div class=\"description\">Nous ne sommes pas une organisation aussi agile et fiable uniquement \u00e0 cause de notre propre \u00e9quipe\u00a0; nous avons \u00e9galement un fantastique r\u00e9seau de partenaires qui compl\u00e8tent nos services et nous permettent de travailler plus dur, mieux, plus vite et plus fort.<\/div>\n                    <\/div>\n<\/div>\t\t<\/div>\n\t\t\t\t<\/div>\n\t\t\t\t<div class=\"elementor-element elementor-element-7bb4149 elementor-widget elementor-widget-stm_partner\" data-id=\"7bb4149\" data-element_type=\"widget\" data-widget_type=\"stm_partner.default\">\n\t\t\t\t<div class=\"elementor-widget-container\">\n\t\t\t<div class=\"stm_partner consulting_elementor_partner style_2\">\n            <div class=\"image\">\n            <img decoding=\"async\" loading=\"lazy\" class=\"\" src=\"https:\/\/topicenergy.mediatd.com\/wp-content\/uploads\/2022\/12\/placeholder-350x204.gif\" width=\"350\" height=\"204\" alt=\"consulting_placeholder\" title=\"placeholder.gif\" \/>        <\/div>\n        <div class=\"stm_partner_content\">\n                                                                        <h4 class=\"no_stripe\"><a href=\"#\" target=\"_self\">Adup Media LLC<\/a><\/h4>\n                                                        <div class=\"position\">\n                M\u00e9dias &amp; Conseil en marketing<br \/>\nWalnut Creek, Californie\n            <\/div>\n                            <div class=\"description\">Nos partenaires sont les meilleures entreprises dans leurs secteurs respectifs et sont connus pour fournir des services et des produits de haute qualit\u00e9. Nos partenaires nous aident \u00e0 fournir des services in\u00e9gal\u00e9s \u00e0 nos clients. La r\u00e9alit\u00e9 est qu&#039;aucune entreprise ne peut survivre seule \u00e0 l&#039;\u00e8re des technologies de l&#039;information.<\/div>\n                    <\/div>\n<\/div>\t\t<\/div>\n\t\t\t\t<\/div>\n\t\t\t\t<div class=\"elementor-element elementor-element-7bb44b0 elementor-widget elementor-widget-stm_partner\" data-id=\"7bb44b0\" data-element_type=\"widget\" data-widget_type=\"stm_partner.default\">\n\t\t\t\t<div class=\"elementor-widget-container\">\n\t\t\t<div class=\"stm_partner consulting_elementor_partner style_2\">\n            <div class=\"image\">\n            <img decoding=\"async\" loading=\"lazy\" class=\"\" src=\"https:\/\/topicenergy.mediatd.com\/wp-content\/uploads\/2022\/12\/placeholder-350x204.gif\" width=\"350\" height=\"204\" alt=\"consulting_placeholder\" title=\"placeholder.gif\" \/>        <\/div>\n        <div class=\"stm_partner_content\">\n                                                                        <h4 class=\"no_stripe\"><a href=\"#\" target=\"_self\">Green Shield<\/a><\/h4>\n                                                        <div class=\"position\">\n                Technologie de surveillance des greffes cardiaques Charlotte, Caroline du Nord\n            <\/div>\n                            <div class=\"description\">Les partenariats strat\u00e9giques permettent aux entreprises de se d\u00e9velopper et de se sp\u00e9cialiser sans limites. Au lieu de d\u00e9penser beaucoup d&#039;argent et de temps \u00e0 perfectionner une nouvelle chose, nous pr\u00e9f\u00e9rons perfectionner nos propres services et faire appel \u00e0 des experts pour d&#039;autres t\u00e2ches en cas de besoin. Nous sommes les meilleurs conseillers financiers pour nos clients.<\/div>\n                    <\/div>\n<\/div>\t\t<\/div>\n\t\t\t\t<\/div>\n\t\t\t\t<div class=\"elementor-element elementor-element-7bb4880 elementor-widget elementor-widget-stm_partner\" data-id=\"7bb4880\" data-element_type=\"widget\" data-widget_type=\"stm_partner.default\">\n\t\t\t\t<div class=\"elementor-widget-container\">\n\t\t\t<div class=\"stm_partner consulting_elementor_partner style_2\">\n            <div class=\"image\">\n            <img decoding=\"async\" loading=\"lazy\" class=\"\" src=\"https:\/\/topicenergy.mediatd.com\/wp-content\/uploads\/2022\/12\/placeholder-350x204.gif\" width=\"350\" height=\"204\" alt=\"consulting_placeholder\" title=\"placeholder.gif\" \/>        <\/div>\n        <div class=\"stm_partner_content\">\n                                                                        <h4 class=\"no_stripe\"><a href=\"#\" target=\"_self\">Primo Software<\/a><\/h4>\n                                                        <div class=\"position\">\n                D\u00e9veloppement de logiciels<br \/>\nManitowoc, Wisconsin\n            <\/div>\n                            <div class=\"description\">Nos clients nous font tellement confiance qu&#039;ils viennent souvent nous voir avec des probl\u00e8mes qui d\u00e9passent le cadre du conseil financier. Comme ils savent que nous avons \u00e0 c\u0153ur leurs meilleurs int\u00e9r\u00eats commerciaux, ils veulent que nous les aidions \u00e0 r\u00e9soudre de tels probl\u00e8mes.<\/div>\n                    <\/div>\n<\/div>\t\t<\/div>\n\t\t\t\t<\/div>\n\t\t\t\t\t<\/div>\n\t\t<\/div>\n\t\t\t\t\t\t\t<\/div>\n\t\t<\/section>\n\t\t\t\t\t<\/div>\n\t\t<\/div>\n\t\t\t\t<div class=\"elementor-column elementor-col-25 elementor-top-column elementor-element elementor-element-7bb4ac3\" data-id=\"7bb4ac3\" data-element_type=\"column\">\n\t\t\t<div class=\"elementor-widget-wrap elementor-element-populated\">\n\t\t\t\t\t\t\t\t<div class=\"elementor-element elementor-element-7bb4e8e elementor-widget elementor-widget-stm_sidebar\" data-id=\"7bb4e8e\" data-element_type=\"widget\" data-widget_type=\"stm_sidebar.default\">\n\t\t\t\t<div class=\"elementor-widget-container\">\n\t\t\t\n<div class=\"stm_sidebar consulting_elementor_sidebar\">\n\n            \t\t<div data-elementor-type=\"wp-post\" data-elementor-id=\"8773\" class=\"elementor elementor-8773\">\n\t\t\t\t\t\t\t\t\t<section class=\"elementor-section elementor-top-section elementor-element elementor-element-0263cc7 third_bg_color elementor-section-boxed elementor-section-height-default elementor-section-height-default\" data-id=\"0263cc7\" data-element_type=\"section\" data-settings=\"{&quot;background_background&quot;:&quot;classic&quot;}\">\n\t\t\t\t\t\t<div class=\"elementor-container elementor-column-gap-default\">\n\t\t\t\t\t<div class=\"elementor-column elementor-col-100 elementor-top-column elementor-element elementor-element-02641b9\" data-id=\"02641b9\" data-element_type=\"column\" data-settings=\"{&quot;background_background&quot;:&quot;classic&quot;}\">\n\t\t\t<div class=\"elementor-widget-wrap elementor-element-populated\">\n\t\t\t\t\t\t\t\t<div class=\"elementor-element elementor-element-0264545 elementor-widget elementor-widget-vc_custom_heading\" data-id=\"0264545\" data-element_type=\"widget\" data-widget_type=\"vc_custom_heading.default\">\n\t\t\t\t<div class=\"elementor-widget-container\">\n\t\t\t<div class=\" vc_custom_heading  consulting_heading_font  text_align_left\" ><div style=\"font-size: 16px;color: #ffffff;text-align: left;font-weight:700\" class=\"consulting-custom-title\">Comment pouvons-nous vous aider ?\n<\/div><\/div>\t\t<\/div>\n\t\t\t\t<\/div>\n\t\t\t\t<div class=\"elementor-element elementor-element-026482f elementor-widget elementor-widget-text-editor\" data-id=\"026482f\" data-element_type=\"widget\" data-widget_type=\"text-editor.default\">\n\t\t\t\t<div class=\"elementor-widget-container\">\n\t\t\t<style>\/*! elementor - v3.9.0 - 06-12-2022 *\/\n.elementor-widget-text-editor.elementor-drop-cap-view-stacked .elementor-drop-cap{background-color:#818a91;color:#fff}.elementor-widget-text-editor.elementor-drop-cap-view-framed .elementor-drop-cap{color:#818a91;border:3px solid;background-color:transparent}.elementor-widget-text-editor:not(.elementor-drop-cap-view-default) .elementor-drop-cap{margin-top:8px}.elementor-widget-text-editor:not(.elementor-drop-cap-view-default) .elementor-drop-cap-letter{width:1em;height:1em}.elementor-widget-text-editor .elementor-drop-cap{float:left;text-align:center;line-height:1;font-size:50px}.elementor-widget-text-editor .elementor-drop-cap-letter{display:inline-block}<\/style>\t\t\t\t<p>N\u2019h\u00e9sitez pas \u00e0 demander tout ce que vous devez savoir sur nos services.<\/p>\n\t\t\t\t\t\t<\/div>\n\t\t\t\t<\/div>\n\t\t\t\t<div class=\"elementor-element elementor-element-0264ac2 elementor-widget__width-auto elementor-widget elementor-widget-button\" data-id=\"0264ac2\" data-element_type=\"widget\" data-widget_type=\"button.default\">\n\t\t\t\t<div class=\"elementor-widget-container\">\n\t\t\t\t\t<div class=\"elementor-button-wrapper icon_align_left  \">\n\t\t\t<a href=\"https:\/\/topicenergy.mediatd.com\/contact-us\/\" class=\"elementor-button-link elementor-button elementor-size-sm\" role=\"button\">\n\t\t\t\t\t\t<span class=\"elementor-button-content-wrapper\">\n\t\t\t\t\t\t\t<span class=\"elementor-button-icon elementor-align-icon-left\">\n\t\t\t\t<i aria-hidden=\"true\" class=\"fa fa-phone-square\"><\/i>\t\t\t<\/span>\n\t\t\t\t\t\t<span class=\"elementor-button-text\">Contactez nous<\/span>\n\t\t<\/span>\n\t\t\t\t\t<\/a>\n\t\t<\/div>\n\t\t\t\t<\/div>\n\t\t\t\t<\/div>\n\t\t\t\t\t<\/div>\n\t\t<\/div>\n\t\t\t\t\t\t\t<\/div>\n\t\t<\/section>\n\t\t\t\t<section class=\"elementor-section elementor-top-section elementor-element elementor-element-026584e elementor-section-boxed elementor-section-height-default elementor-section-height-default\" data-id=\"026584e\" data-element_type=\"section\" data-settings=\"{&quot;background_background&quot;:&quot;classic&quot;}\">\n\t\t\t\t\t\t<div class=\"elementor-container elementor-column-gap-default\">\n\t\t\t\t\t<div class=\"elementor-column elementor-col-100 elementor-top-column elementor-element elementor-element-0265dcd\" data-id=\"0265dcd\" data-element_type=\"column\">\n\t\t\t<div class=\"elementor-widget-wrap elementor-element-populated\">\n\t\t\t\t\t\t\t\t<div class=\"elementor-element elementor-element-02661a6 elementor-align-left elementor-widget elementor-widget-button\" data-id=\"02661a6\" data-element_type=\"widget\" data-widget_type=\"button.default\">\n\t\t\t\t<div class=\"elementor-widget-container\">\n\t\t\t\t\t<div class=\"elementor-button-wrapper icon_align_left  button_block\">\n\t\t\t<a href=\"https:\/\/topicenergy.mediatd.com\/presentation\/company-background\/\" class=\"elementor-button-link elementor-button elementor-size-lg\" role=\"button\">\n\t\t\t\t\t\t<span class=\"elementor-button-content-wrapper\">\n\t\t\t\t\t\t\t<span class=\"elementor-button-icon elementor-align-icon-left\">\n\t\t\t\t<i aria-hidden=\"true\" class=\"fa fa-file-pdf-o\"><\/i>\t\t\t<\/span>\n\t\t\t\t\t\t<span class=\"elementor-button-text\">Profil de la soci\u00e9t\u00e9<\/span>\n\t\t<\/span>\n\t\t\t\t\t<\/a>\n\t\t<\/div>\n\t\t\t\t<\/div>\n\t\t\t\t<\/div>\n\t\t\t\t\t<\/div>\n\t\t<\/div>\n\t\t\t\t\t\t\t<\/div>\n\t\t<\/section>\n\t\t\t\t<section class=\"elementor-section elementor-top-section elementor-element elementor-element-0266c3f elementor-section-boxed elementor-section-height-default elementor-section-height-default\" data-id=\"0266c3f\" data-element_type=\"section\">\n\t\t\t\t\t\t<div class=\"elementor-container elementor-column-gap-default\">\n\t\t\t\t\t<div class=\"elementor-column elementor-col-100 elementor-top-column elementor-element elementor-element-02671b1\" data-id=\"02671b1\" data-element_type=\"column\">\n\t\t\t<div class=\"elementor-widget-wrap\">\n\t\t\t\t\t\t\t\t\t<\/div>\n\t\t<\/div>\n\t\t\t\t\t\t\t<\/div>\n\t\t<\/section>\n\t\t\t\t\t\t\t<\/div>\n\t\t    \n<\/div>\t\t<\/div>\n\t\t\t\t<\/div>\n\t\t\t\t\t<\/div>\n\t\t<\/div>\n\t\t\t\t\t\t\t<\/div>\n\t\t<\/section>\n\t\t\t\t\t\t\t<\/div>\n\t\t","protected":false},"excerpt":{"rendered":"<p>Soci\u00e9t\u00e9 Aramiz Dispositifs de suivi des performances sportives Escondido, Californie Nous ne sommes pas une organisation aussi agile et fiable uniquement \u00e0 cause de notre propre \u00e9quipe\u00a0; nous avons \u00e9galement un fantastique r\u00e9seau de partenaires qui compl\u00e8tent nos services et nous permettent de travailler plus dur, mieux, plus vite et plus fort. Adup Media LLC<\/p>\n","protected":false},"author":1,"featured_media":0,"parent":0,"menu_order":0,"comment_status":"closed","ping_status":"closed","template":"","meta":[],"_links":{"self":[{"href":"https:\/\/topicenergy.mediatd.com\/fr\/wp-json\/wp\/v2\/pages\/9661"}],"collection":[{"href":"https:\/\/topicenergy.mediatd.com\/fr\/wp-json\/wp\/v2\/pages"}],"about":[{"href":"https:\/\/topicenergy.mediatd.com\/fr\/wp-json\/wp\/v2\/types\/page"}],"author":[{"embeddable":true,"href":"https:\/\/topicenergy.mediatd.com\/fr\/wp-json\/wp\/v2\/users\/1"}],"replies":[{"embeddable":true,"href":"https:\/\/topicenergy.mediatd.com\/fr\/wp-json\/wp\/v2\/comments?post=9661"}],"version-history":[{"count":10,"href":"https:\/\/topicenergy.mediatd.com\/fr\/wp-json\/wp\/v2\/pages\/9661\/revisions"}],"predecessor-version":[{"id":9673,"href":"https:\/\/topicenergy.mediatd.com\/fr\/wp-json\/wp\/v2\/pages\/9661\/revisions\/9673"}],"wp:attachment":[{"href":"https:\/\/topicenergy.mediatd.com\/fr\/wp-json\/wp\/v2\/media?parent=9661"}],"curies":[{"name":"wp","href":"https:\/\/api.w.org\/{rel}","templated":true}]}}