{"id":9014,"date":"2022-12-20T12:19:59","date_gmt":"2022-12-20T11:19:59","guid":{"rendered":"https:\/\/topicenergy.mediatd.com\/?page_id=9014"},"modified":"2022-12-27T11:47:10","modified_gmt":"2022-12-27T10:47:10","slug":"strategie","status":"publish","type":"page","link":"https:\/\/topicenergy.mediatd.com\/fr\/concept-daffaires\/strategie\/","title":{"rendered":"Strategie"},"content":{"rendered":"\t\t<div data-elementor-type=\"wp-page\" data-elementor-id=\"9014\" class=\"elementor elementor-9014\">\n\t\t\t\t\t\t\t\t\t<section class=\"elementor-section elementor-top-section elementor-element elementor-element-7687da3 elementor-section-boxed elementor-section-height-default elementor-section-height-default\" data-id=\"7687da3\" data-element_type=\"section\">\n\t\t\t\t\t\t<div class=\"elementor-container elementor-column-gap-default\">\n\t\t\t\t\t<div class=\"elementor-column elementor-col-100 elementor-top-column elementor-element elementor-element-73e2f99\" data-id=\"73e2f99\" data-element_type=\"column\">\n\t\t\t<div class=\"elementor-widget-wrap elementor-element-populated\">\n\t\t\t\t\t\t\t\t<div class=\"elementor-element elementor-element-ea6b7b5 elementor-invisible elementor-widget elementor-widget-stm_icon_box\" data-id=\"ea6b7b5\" data-element_type=\"widget\" data-settings=\"{&quot;_animation&quot;:&quot;fadeInDown&quot;}\" data-widget_type=\"stm_icon_box.default\">\n\t\t\t\t<div class=\"elementor-widget-container\">\n\t\t\t\n\n\n            <div onClick=\"return true\" class=\"icon_box  elementor-consulting-icon-box hexagon hexanog_animation style_1 icon_left clearfix\">\n                <div class=\"icon  font-color_default font-color_base_bg\" style=\"width:78px\">\n            <i style=\"font-size: 35px;  \"\n               class=\" stm-delhi-lamp\"><\/i><\/div>\n        <div class=\"icon_text\">\n                    <h5  class=\"font-color_base no_stripe\">Strategie\n<\/h5>\n                <h2>Strat\u00e9gie de TOPIC<\/h2>\n<p>S\u2019appuyant sur son \u00e9quipe fortement engag\u00e9e de professionnels hautement qualifi\u00e9s agissant en tant qu\u2019acheteurs conseill\u00e9s, la strat\u00e9gie <strong>TOPIC<\/strong> s\u2019articule autour de ce qui suit\u00a0:<\/p>\n<ul>\n<li>Correspondance entre un portefeuille \u00e9quilibr\u00e9 d\u2019actifs \u00e9nerg\u00e9tiques et les flux financiers appropri\u00e9s.<\/li>\n<li>Appliquer le mieux possible des approches techniques et contractuelles novatrices pour g\u00e9rer les risques et garantir des d\u00e9veloppements \u00e9nerg\u00e9tiques rentables.<\/li>\n<li>Saisir la valeur ajout\u00e9e des synergies \u00e0 d\u00e9velopper au sein du groupe et\/ou avec des partenaires externes.<\/li>\n<li>Externaliser autant que possible et garder l\u2019\u00e9quipe aussi petite et coh\u00e9rente que n\u00e9cessaire tout en mettant en \u0153uvre\u00a0:<\/li>\n<\/ul>\n    <\/div>\n            <\/div>\n    \n\t\t<\/div>\n\t\t\t\t<\/div>\n\t\t\t\t\t<\/div>\n\t\t<\/div>\n\t\t\t\t\t\t\t<\/div>\n\t\t<\/section>\n\t\t\t\t<section class=\"elementor-section elementor-top-section elementor-element elementor-element-7ae9a73 elementor-section-boxed elementor-section-height-default elementor-section-height-default\" data-id=\"7ae9a73\" data-element_type=\"section\">\n\t\t\t\t\t\t<div class=\"elementor-container elementor-column-gap-default\">\n\t\t\t\t\t<div class=\"elementor-column elementor-col-50 elementor-top-column elementor-element elementor-element-8d1ad20\" data-id=\"8d1ad20\" data-element_type=\"column\">\n\t\t\t<div class=\"elementor-widget-wrap\">\n\t\t\t\t\t\t\t\t\t<\/div>\n\t\t<\/div>\n\t\t\t\t<div class=\"elementor-column elementor-col-50 elementor-top-column elementor-element elementor-element-426a01f\" data-id=\"426a01f\" data-element_type=\"column\">\n\t\t\t<div class=\"elementor-widget-wrap elementor-element-populated\">\n\t\t\t\t\t\t\t\t<div class=\"elementor-element elementor-element-f57bc70 elementor-widget elementor-widget-text-editor\" data-id=\"f57bc70\" data-element_type=\"widget\" data-widget_type=\"text-editor.default\">\n\t\t\t\t<div class=\"elementor-widget-container\">\n\t\t\t<style>\/*! elementor - v3.9.0 - 06-12-2022 *\/\n.elementor-widget-text-editor.elementor-drop-cap-view-stacked .elementor-drop-cap{background-color:#818a91;color:#fff}.elementor-widget-text-editor.elementor-drop-cap-view-framed .elementor-drop-cap{color:#818a91;border:3px solid;background-color:transparent}.elementor-widget-text-editor:not(.elementor-drop-cap-view-default) .elementor-drop-cap{margin-top:8px}.elementor-widget-text-editor:not(.elementor-drop-cap-view-default) .elementor-drop-cap-letter{width:1em;height:1em}.elementor-widget-text-editor .elementor-drop-cap{float:left;text-align:center;line-height:1;font-size:50px}.elementor-widget-text-editor .elementor-drop-cap-letter{display:inline-block}<\/style>\t\t\t\t<p><img decoding=\"async\" loading=\"lazy\" class=\"alignnone  wp-image-9620\" src=\"https:\/\/topicenergy.mediatd.com\/wp-content\/uploads\/2019\/09\/Calque-1.png\" alt=\"\" width=\"13\" height=\"14\" srcset=\"https:\/\/topicenergy.mediatd.com\/wp-content\/uploads\/2019\/09\/Calque-1.png 104w, https:\/\/topicenergy.mediatd.com\/wp-content\/uploads\/2019\/09\/Calque-1-50x50.png 50w, https:\/\/topicenergy.mediatd.com\/wp-content\/uploads\/2019\/09\/Calque-1-100x100.png 100w\" sizes=\"(max-width: 13px) 100vw, 13px\" \/> Syst\u00e8me de gestion HSS&amp;ESR ad\u00e9quat;<\/p>\n<p><img decoding=\"async\" loading=\"lazy\" class=\"alignnone  wp-image-9620\" src=\"https:\/\/topicenergy.mediatd.com\/wp-content\/uploads\/2019\/09\/Calque-1.png\" alt=\"\" width=\"13\" height=\"14\" srcset=\"https:\/\/topicenergy.mediatd.com\/wp-content\/uploads\/2019\/09\/Calque-1.png 104w, https:\/\/topicenergy.mediatd.com\/wp-content\/uploads\/2019\/09\/Calque-1-50x50.png 50w, https:\/\/topicenergy.mediatd.com\/wp-content\/uploads\/2019\/09\/Calque-1-100x100.png 100w\" sizes=\"(max-width: 13px) 100vw, 13px\" \/> Conduite \u00e9thique;<\/p>\n<p><img decoding=\"async\" loading=\"lazy\" class=\"alignnone  wp-image-9620\" src=\"https:\/\/topicenergy.mediatd.com\/wp-content\/uploads\/2019\/09\/Calque-1.png\" alt=\"\" width=\"13\" height=\"14\" srcset=\"https:\/\/topicenergy.mediatd.com\/wp-content\/uploads\/2019\/09\/Calque-1.png 104w, https:\/\/topicenergy.mediatd.com\/wp-content\/uploads\/2019\/09\/Calque-1-50x50.png 50w, https:\/\/topicenergy.mediatd.com\/wp-content\/uploads\/2019\/09\/Calque-1-100x100.png 100w\" sizes=\"(max-width: 13px) 100vw, 13px\" \/> Syst\u00e8me rigoureux de contr\u00f4le de l\u2019information et de la gestion financi\u00e8re.<\/p>\n\t\t\t\t\t\t<\/div>\n\t\t\t\t<\/div>\n\t\t\t\t\t<\/div>\n\t\t<\/div>\n\t\t\t\t\t\t\t<\/div>\n\t\t<\/section>\n\t\t\t\t<section class=\"elementor-section elementor-top-section elementor-element elementor-element-547f355 elementor-section-boxed elementor-section-height-default elementor-section-height-default\" data-id=\"547f355\" data-element_type=\"section\">\n\t\t\t\t\t\t<div class=\"elementor-container elementor-column-gap-default\">\n\t\t\t\t\t<div class=\"elementor-column elementor-col-100 elementor-top-column elementor-element elementor-element-b33905b\" data-id=\"b33905b\" data-element_type=\"column\">\n\t\t\t<div class=\"elementor-widget-wrap elementor-element-populated\">\n\t\t\t\t\t\t\t\t<div class=\"elementor-element elementor-element-2f61555 elementor-widget elementor-widget-image\" data-id=\"2f61555\" data-element_type=\"widget\" data-widget_type=\"image.default\">\n\t\t\t\t<div class=\"elementor-widget-container\">\n\t\t\t<style>\/*! elementor - v3.9.0 - 06-12-2022 *\/\n.elementor-widget-image{text-align:center}.elementor-widget-image a{display:inline-block}.elementor-widget-image a img[src$=\".svg\"]{width:48px}.elementor-widget-image img{vertical-align:middle;display:inline-block}<\/style>\t\t\t\t\t\t\t\t\t\t\t\t<img decoding=\"async\" width=\"1024\" height=\"576\" src=\"https:\/\/topicenergy.mediatd.com\/wp-content\/uploads\/2022\/12\/how-do-you-write-a-business-strategy-report-clearpoint-1024x576.jpg\" class=\"attachment-large size-large wp-image-9369\" alt=\"\" loading=\"lazy\" srcset=\"https:\/\/topicenergy.mediatd.com\/wp-content\/uploads\/2022\/12\/how-do-you-write-a-business-strategy-report-clearpoint-1024x576.jpg 1024w, https:\/\/topicenergy.mediatd.com\/wp-content\/uploads\/2022\/12\/how-do-you-write-a-business-strategy-report-clearpoint-300x169.jpg 300w, https:\/\/topicenergy.mediatd.com\/wp-content\/uploads\/2022\/12\/how-do-you-write-a-business-strategy-report-clearpoint-768x432.jpg 768w, https:\/\/topicenergy.mediatd.com\/wp-content\/uploads\/2022\/12\/how-do-you-write-a-business-strategy-report-clearpoint-900x506.jpg 900w, https:\/\/topicenergy.mediatd.com\/wp-content\/uploads\/2022\/12\/how-do-you-write-a-business-strategy-report-clearpoint-600x338.jpg 600w, https:\/\/topicenergy.mediatd.com\/wp-content\/uploads\/2022\/12\/how-do-you-write-a-business-strategy-report-clearpoint.jpg 1280w\" sizes=\"(max-width: 1024px) 100vw, 1024px\" \/>\t\t\t\t\t\t\t\t\t\t\t\t\t\t\t<\/div>\n\t\t\t\t<\/div>\n\t\t\t\t\t<\/div>\n\t\t<\/div>\n\t\t\t\t\t\t\t<\/div>\n\t\t<\/section>\n\t\t\t\t\t\t\t<\/div>\n\t\t","protected":false},"excerpt":{"rendered":"<p>Strategie Strat\u00e9gie de TOPIC S\u2019appuyant sur son \u00e9quipe fortement engag\u00e9e de professionnels hautement qualifi\u00e9s agissant en tant qu\u2019acheteurs conseill\u00e9s, la strat\u00e9gie TOPIC s\u2019articule autour de ce qui suit\u00a0: Correspondance entre un portefeuille \u00e9quilibr\u00e9 d\u2019actifs \u00e9nerg\u00e9tiques et les flux financiers appropri\u00e9s. Appliquer le mieux possible des approches techniques et contractuelles novatrices pour g\u00e9rer les risques et<\/p>\n","protected":false},"author":1,"featured_media":0,"parent":8974,"menu_order":0,"comment_status":"closed","ping_status":"closed","template":"","meta":[],"_links":{"self":[{"href":"https:\/\/topicenergy.mediatd.com\/fr\/wp-json\/wp\/v2\/pages\/9014"}],"collection":[{"href":"https:\/\/topicenergy.mediatd.com\/fr\/wp-json\/wp\/v2\/pages"}],"about":[{"href":"https:\/\/topicenergy.mediatd.com\/fr\/wp-json\/wp\/v2\/types\/page"}],"author":[{"embeddable":true,"href":"https:\/\/topicenergy.mediatd.com\/fr\/wp-json\/wp\/v2\/users\/1"}],"replies":[{"embeddable":true,"href":"https:\/\/topicenergy.mediatd.com\/fr\/wp-json\/wp\/v2\/comments?post=9014"}],"version-history":[{"count":18,"href":"https:\/\/topicenergy.mediatd.com\/fr\/wp-json\/wp\/v2\/pages\/9014\/revisions"}],"predecessor-version":[{"id":9635,"href":"https:\/\/topicenergy.mediatd.com\/fr\/wp-json\/wp\/v2\/pages\/9014\/revisions\/9635"}],"up":[{"embeddable":true,"href":"https:\/\/topicenergy.mediatd.com\/fr\/wp-json\/wp\/v2\/pages\/8974"}],"wp:attachment":[{"href":"https:\/\/topicenergy.mediatd.com\/fr\/wp-json\/wp\/v2\/media?parent=9014"}],"curies":[{"name":"wp","href":"https:\/\/api.w.org\/{rel}","templated":true}]}}