{"id":9001,"date":"2022-12-20T12:07:43","date_gmt":"2022-12-20T11:07:43","guid":{"rendered":"https:\/\/topicenergy.mediatd.com\/?page_id=9001"},"modified":"2022-12-27T12:29:18","modified_gmt":"2022-12-27T11:29:18","slug":"values","status":"publish","type":"page","link":"https:\/\/topicenergy.mediatd.com\/fr\/concept-daffaires\/values\/","title":{"rendered":"valeurs"},"content":{"rendered":"\t\t<div data-elementor-type=\"wp-page\" data-elementor-id=\"9001\" class=\"elementor elementor-9001\">\n\t\t\t\t\t\t\t\t\t<section class=\"elementor-section elementor-top-section elementor-element elementor-element-da35dc0 mobile_no_paddings elementor-section-boxed elementor-section-height-default elementor-section-height-default\" data-id=\"da35dc0\" data-element_type=\"section\" data-settings=\"{&quot;background_background&quot;:&quot;classic&quot;}\">\n\t\t\t\t\t\t\t<div class=\"elementor-background-overlay\"><\/div>\n\t\t\t\t\t\t\t<div class=\"elementor-container elementor-column-gap-default\">\n\t\t\t\t\t<div class=\"elementor-column elementor-col-100 elementor-top-column elementor-element elementor-element-2ffa847 mobile_no_paddings\" data-id=\"2ffa847\" data-element_type=\"column\" data-settings=\"{&quot;background_background&quot;:&quot;classic&quot;}\">\n\t\t\t<div class=\"elementor-widget-wrap elementor-element-populated\">\n\t\t\t\t\t\t\t\t<div class=\"elementor-element elementor-element-d1eaa58 elementor-widget elementor-widget-spacer\" data-id=\"d1eaa58\" data-element_type=\"widget\" data-widget_type=\"spacer.default\">\n\t\t\t\t<div class=\"elementor-widget-container\">\n\t\t\t<style>\/*! elementor - v3.9.0 - 06-12-2022 *\/\n.elementor-column .elementor-spacer-inner{height:var(--spacer-size)}.e-con{--container-widget-width:100%}.e-con-inner>.elementor-widget-spacer,.e-con>.elementor-widget-spacer{width:var(--container-widget-width,var(--spacer-size));--align-self:var(--container-widget-align-self,initial);--flex-shrink:0}.e-con-inner>.elementor-widget-spacer>.elementor-widget-container,.e-con-inner>.elementor-widget-spacer>.elementor-widget-container>.elementor-spacer,.e-con>.elementor-widget-spacer>.elementor-widget-container,.e-con>.elementor-widget-spacer>.elementor-widget-container>.elementor-spacer{height:100%}.e-con-inner>.elementor-widget-spacer>.elementor-widget-container>.elementor-spacer>.elementor-spacer-inner,.e-con>.elementor-widget-spacer>.elementor-widget-container>.elementor-spacer>.elementor-spacer-inner{height:var(--container-widget-height,var(--spacer-size))}<\/style>\t\t<div class=\"elementor-spacer\">\n\t\t\t<div class=\"elementor-spacer-inner\"><\/div>\n\t\t<\/div>\n\t\t\t\t<\/div>\n\t\t\t\t<\/div>\n\t\t\t\t\t<\/div>\n\t\t<\/div>\n\t\t\t\t\t\t\t<\/div>\n\t\t<\/section>\n\t\t\t\t<section class=\"elementor-section elementor-top-section elementor-element elementor-element-6a810ff elementor-section-boxed elementor-section-height-default elementor-section-height-default elementor-invisible\" data-id=\"6a810ff\" data-element_type=\"section\" data-settings=\"{&quot;background_background&quot;:&quot;classic&quot;,&quot;animation&quot;:&quot;fadeInDown&quot;}\">\n\t\t\t\t\t\t<div class=\"elementor-container elementor-column-gap-default\">\n\t\t\t\t\t<div class=\"elementor-column elementor-col-50 elementor-top-column elementor-element elementor-element-2445fd4\" data-id=\"2445fd4\" data-element_type=\"column\">\n\t\t\t<div class=\"elementor-widget-wrap elementor-element-populated\">\n\t\t\t\t\t\t\t\t<div class=\"elementor-element elementor-element-bdba82a elementor-align-left elementor-widget elementor-widget-button\" data-id=\"bdba82a\" data-element_type=\"widget\" data-widget_type=\"button.default\">\n\t\t\t\t<div class=\"elementor-widget-container\">\n\t\t\t\t\t<div class=\"elementor-button-wrapper icon_align_left  button_block\">\n\t\t\t<a href=\"https:\/\/topicenergy.mediatd.com\/wp-content\/uploads\/2019\/09\/Policy-french.pdf\" target=\"_blank\" class=\"elementor-button-link elementor-button elementor-size-md\" role=\"button\">\n\t\t\t\t\t\t<span class=\"elementor-button-content-wrapper\">\n\t\t\t\t\t\t\t<span class=\"elementor-button-icon elementor-align-icon-left\">\n\t\t\t\t<i aria-hidden=\"true\" class=\"far fa-file-pdf\"><\/i>\t\t\t<\/span>\n\t\t\t\t\t\t<span class=\"elementor-button-text\">D\u00e9claration de politique HSS & ESR\/HSS & ESR<\/span>\n\t\t<\/span>\n\t\t\t\t\t<\/a>\n\t\t<\/div>\n\t\t\t\t<\/div>\n\t\t\t\t<\/div>\n\t\t\t\t\t<\/div>\n\t\t<\/div>\n\t\t\t\t<div class=\"elementor-column elementor-col-50 elementor-top-column elementor-element elementor-element-136d1a9\" data-id=\"136d1a9\" data-element_type=\"column\">\n\t\t\t<div class=\"elementor-widget-wrap elementor-element-populated\">\n\t\t\t\t\t\t\t\t<div class=\"elementor-element elementor-element-1cdddb0 elementor-align-left elementor-widget elementor-widget-button\" data-id=\"1cdddb0\" data-element_type=\"widget\" data-widget_type=\"button.default\">\n\t\t\t\t<div class=\"elementor-widget-container\">\n\t\t\t\t\t<div class=\"elementor-button-wrapper icon_align_left  button_block\">\n\t\t\t<a href=\"https:\/\/topicenergy.mediatd.com\/wp-content\/uploads\/2019\/09\/BUSINESSETHICSDECLARATION.pdf\" target=\"_blank\" class=\"elementor-button-link elementor-button elementor-size-md\" role=\"button\">\n\t\t\t\t\t\t<span class=\"elementor-button-content-wrapper\">\n\t\t\t\t\t\t\t<span class=\"elementor-button-icon elementor-align-icon-left\">\n\t\t\t\t<i aria-hidden=\"true\" class=\"far fa-file-pdf\"><\/i>\t\t\t<\/span>\n\t\t\t\t\t\t<span class=\"elementor-button-text\">La d\u00e9claration d\u2019\u00e9thique commerciale<\/span>\n\t\t<\/span>\n\t\t\t\t\t<\/a>\n\t\t<\/div>\n\t\t\t\t<\/div>\n\t\t\t\t<\/div>\n\t\t\t\t\t<\/div>\n\t\t<\/div>\n\t\t\t\t\t\t\t<\/div>\n\t\t<\/section>\n\t\t\t\t<section class=\"elementor-section elementor-top-section elementor-element elementor-element-0df619b elementor-section-boxed elementor-section-height-default elementor-section-height-default\" data-id=\"0df619b\" data-element_type=\"section\">\n\t\t\t\t\t\t<div class=\"elementor-container elementor-column-gap-default\">\n\t\t\t\t\t<div class=\"elementor-column elementor-col-100 elementor-top-column elementor-element elementor-element-8dc1441 elementor-invisible\" data-id=\"8dc1441\" data-element_type=\"column\" data-settings=\"{&quot;animation&quot;:&quot;fadeInDown&quot;}\">\n\t\t\t<div class=\"elementor-widget-wrap elementor-element-populated\">\n\t\t\t\t\t\t\t\t<div class=\"elementor-element elementor-element-12c20e1 elementor-invisible elementor-widget elementor-widget-stm_icon_box\" data-id=\"12c20e1\" data-element_type=\"widget\" data-settings=\"{&quot;_animation&quot;:&quot;fadeInDown&quot;}\" data-widget_type=\"stm_icon_box.default\">\n\t\t\t\t<div class=\"elementor-widget-container\">\n\t\t\t\n\n\n            <div onClick=\"return true\" class=\"icon_box  elementor-consulting-icon-box hexagon hexanog_animation style_1 icon_left clearfix\">\n                <div class=\"icon  font-color_default font-color_base_bg\" style=\"width:78px\">\n            <i style=\"font-size: 35px;  \"\n               class=\" stm-award\"><\/i><\/div>\n        <div class=\"icon_text\">\n                    <h5  class=\"font-color_base no_stripe\">Valeurs\n<\/h5>\n                <p>Le succ\u00e8s financier de <strong>TOPIC<\/strong> assurera son avenir. Pour r\u00e9ussir, il faut s\u2019engager \u00e0 offrir un milieu de travail ouvert et honn\u00eate o\u00f9 chaque personne peut r\u00e9aliser son plein potentiel.\u00a0 <strong>TOPIC<\/strong> maintiendra \u00e9galement de bonnes relations avec les communaut\u00e9s dans lesquelles il op\u00e8re, exigeant un engagement constant envers les normes les plus \u00e9lev\u00e9es d\u2019\u00e9thique, de s\u00e9curit\u00e9 et de respect de l\u2019environnement.<\/p>\n<p>Les politiques de <strong>TOPIC<\/strong> sont d\u00e9riv\u00e9es de trois valeurs fondamentales, valables pour toutes les activit\u00e9s de l\u2019entreprise :<\/p>\n<ul>\n<li>Sant\u00e9, s\u00e9curit\u00e9, s\u00fbret\u00e9, protection de l\u2019environnement et qualit\u00e9 HSS &amp; ESR<\/li>\n<li>Valoriser tout le monde<\/li>\n<li>Conduite \u00e9thique<\/li>\n<\/ul>\n<p>Les politiques de l\u2019entreprise orientent la strat\u00e9gie d\u2019affaires qui, \u00e0 son tour, appuie les normes de rendement et est finalement refl\u00e9t\u00e9e dans les plans d\u2019affaires et les proc\u00e9dures connexes. Le respect des politiques de l\u2019entreprise incombe \u00e0 chaque employ\u00e9.<br \/>L\u2019\u00e9quipe de direction est responsable et le Conseil est responsable de s\u2019assurer que les politiques de la Soci\u00e9t\u00e9 sont valides et ne sont pas viol\u00e9es ou n\u00e9glig\u00e9es au sein de la Soci\u00e9t\u00e9.<\/p>\n    <\/div>\n            <\/div>\n    \n\t\t<\/div>\n\t\t\t\t<\/div>\n\t\t\t\t<div class=\"elementor-element elementor-element-40def43 elementor-widget elementor-widget-heading\" data-id=\"40def43\" data-element_type=\"widget\" data-widget_type=\"heading.default\">\n\t\t\t\t<div class=\"elementor-widget-container\">\n\t\t\t<style>\/*! elementor - v3.9.0 - 06-12-2022 *\/\n.elementor-heading-title{padding:0;margin:0;line-height:1}.elementor-widget-heading .elementor-heading-title[class*=elementor-size-]>a{color:inherit;font-size:inherit;line-height:inherit}.elementor-widget-heading .elementor-heading-title.elementor-size-small{font-size:15px}.elementor-widget-heading .elementor-heading-title.elementor-size-medium{font-size:19px}.elementor-widget-heading .elementor-heading-title.elementor-size-large{font-size:29px}.elementor-widget-heading .elementor-heading-title.elementor-size-xl{font-size:39px}.elementor-widget-heading .elementor-heading-title.elementor-size-xxl{font-size:59px}<\/style><h4 class=\"elementor-heading-title elementor-size-default\">- HSS & ESR<\/h4>\t\t<\/div>\n\t\t\t\t<\/div>\n\t\t\t\t<div class=\"elementor-element elementor-element-734153c elementor-widget elementor-widget-text-editor\" data-id=\"734153c\" data-element_type=\"widget\" data-widget_type=\"text-editor.default\">\n\t\t\t\t<div class=\"elementor-widget-container\">\n\t\t\t<style>\/*! elementor - v3.9.0 - 06-12-2022 *\/\n.elementor-widget-text-editor.elementor-drop-cap-view-stacked .elementor-drop-cap{background-color:#818a91;color:#fff}.elementor-widget-text-editor.elementor-drop-cap-view-framed .elementor-drop-cap{color:#818a91;border:3px solid;background-color:transparent}.elementor-widget-text-editor:not(.elementor-drop-cap-view-default) .elementor-drop-cap{margin-top:8px}.elementor-widget-text-editor:not(.elementor-drop-cap-view-default) .elementor-drop-cap-letter{width:1em;height:1em}.elementor-widget-text-editor .elementor-drop-cap{float:left;text-align:center;line-height:1;font-size:50px}.elementor-widget-text-editor .elementor-drop-cap-letter{display:inline-block}<\/style>\t\t\t\t<p><strong>TOPIC<\/strong> estime que la r\u00e9alisation du d\u00e9veloppement durable n\u00e9cessitera le strict respect d\u2019un syst\u00e8me de gestion<strong> HSS &amp; ESR<\/strong>\u00a0continuellement am\u00e9lior\u00e9. Comme mentionn\u00e9 dans notre \u00e9nonc\u00e9 de politique<strong> HSS &amp; ESR<\/strong>\u00a0nous serons intransigeants dans la mise en \u0153uvre du syst\u00e8me de gestion<strong> HSS &amp; ESR<\/strong>\u00a0avec nous-m\u00eames, avec nos entrepreneurs, avec nos fournisseurs et aussi avec nos partenaires.<\/p>\n\t\t\t\t\t\t<\/div>\n\t\t\t\t<\/div>\n\t\t\t\t<div class=\"elementor-element elementor-element-2f1e8bb elementor-widget elementor-widget-text-editor\" data-id=\"2f1e8bb\" data-element_type=\"widget\" data-widget_type=\"text-editor.default\">\n\t\t\t\t<div class=\"elementor-widget-container\">\n\t\t\t\t\t\t\t\t\t\t\t\t\t<\/div>\n\t\t\t\t<\/div>\n\t\t\t\t<div class=\"elementor-element elementor-element-50daa7e elementor-widget elementor-widget-heading\" data-id=\"50daa7e\" data-element_type=\"widget\" data-widget_type=\"heading.default\">\n\t\t\t\t<div class=\"elementor-widget-container\">\n\t\t\t<h4 class=\"elementor-heading-title elementor-size-default\">- Valoriser toutes les personnes\u00a0:<\/h4>\t\t<\/div>\n\t\t\t\t<\/div>\n\t\t\t\t<div class=\"elementor-element elementor-element-3f6cf29 elementor-widget elementor-widget-text-editor\" data-id=\"3f6cf29\" data-element_type=\"widget\" data-widget_type=\"text-editor.default\">\n\t\t\t\t<div class=\"elementor-widget-container\">\n\t\t\t\t\t\t\t<p><strong>TOPIC<\/strong> croit que les gens passent en premier et que l\u2019avenir de notre entreprise d\u00e9pendra de nos employ\u00e9s, de leur bien-\u00eatre et de leur rendement.<br \/><strong>TOPIC<\/strong> reconna\u00eet l\u2019individu comme la ressource cr\u00e9ative qui alimente son succ\u00e8s.<br \/><strong>TOPIC<\/strong> valorise l\u2019initiative personnelle et la nouvelle pens\u00e9e.<br \/>Il fait confiance au jugement individuel et encourage une large participation \u00e0 la prise de d\u00e9cisions.<br \/>Il a les forces suppl\u00e9mentaires d\u2019un effectif diversifi\u00e9 et les comp\u00e9tences et l\u2019exp\u00e9rience uniques qu\u2019ils apportent et il vise \u00e0 \u00e9quilibrer la vie professionnelle et personnelle de ce personnel.<br \/>En travaillant ensemble en \u00e9quipe, les employ\u00e9s constituent le plus grand atout des BUTI.<\/p>\n\t\t\t\t\t\t<\/div>\n\t\t\t\t<\/div>\n\t\t\t\t<div class=\"elementor-element elementor-element-b757ca1 elementor-widget elementor-widget-heading\" data-id=\"b757ca1\" data-element_type=\"widget\" data-widget_type=\"heading.default\">\n\t\t\t\t<div class=\"elementor-widget-container\">\n\t\t\t<h4 class=\"elementor-heading-title elementor-size-default\">- Conduite \u00e9thique\u00a0: <\/h4>\t\t<\/div>\n\t\t\t\t<\/div>\n\t\t\t\t<div class=\"elementor-element elementor-element-dd4a7f4 elementor-widget elementor-widget-text-editor\" data-id=\"dd4a7f4\" data-element_type=\"widget\" data-widget_type=\"text-editor.default\">\n\t\t\t\t<div class=\"elementor-widget-container\">\n\t\t\t\t\t\t\t<p>La culture <strong>TOPIC<\/strong> repose sur l\u2019int\u00e9grit\u00e9, l\u2019honn\u00eatet\u00e9, l\u2019\u00e9quit\u00e9 et le respect, ce qui signifie qu\u2019il faut respecter les normes les plus \u00e9lev\u00e9es en mati\u00e8re de culture d\u2019entreprise \u00e9thique. Notre r\u00e9putation de respect de ces normes est l\u2019un de nos atouts les plus pr\u00e9cieux. Nous sommes responsables de tout ce que nous faisons.<\/p>\n\t\t\t\t\t\t<\/div>\n\t\t\t\t<\/div>\n\t\t\t\t\t<\/div>\n\t\t<\/div>\n\t\t\t\t\t\t\t<\/div>\n\t\t<\/section>\n\t\t\t\t<section class=\"elementor-section elementor-top-section elementor-element elementor-element-84c9652 elementor-section-boxed elementor-section-height-default elementor-section-height-default\" data-id=\"84c9652\" data-element_type=\"section\">\n\t\t\t\t\t\t<div class=\"elementor-container elementor-column-gap-default\">\n\t\t\t\t\t<div class=\"elementor-column elementor-col-100 elementor-top-column elementor-element elementor-element-881f5eb\" data-id=\"881f5eb\" data-element_type=\"column\">\n\t\t\t<div class=\"elementor-widget-wrap\">\n\t\t\t\t\t\t\t\t\t<\/div>\n\t\t<\/div>\n\t\t\t\t\t\t\t<\/div>\n\t\t<\/section>\n\t\t\t\t\t\t\t<\/div>\n\t\t","protected":false},"excerpt":{"rendered":"<p>D\u00e9claration de politique HSS &#038; ESR\/HSS &#038; ESR La d\u00e9claration d\u2019\u00e9thique commerciale Valeurs Le succ\u00e8s financier de TOPIC assurera son avenir. Pour r\u00e9ussir, il faut s\u2019engager \u00e0 offrir un milieu de travail ouvert et honn\u00eate o\u00f9 chaque personne peut r\u00e9aliser son plein potentiel.\u00a0 TOPIC maintiendra \u00e9galement de bonnes relations avec les communaut\u00e9s dans lesquelles il<\/p>\n","protected":false},"author":1,"featured_media":0,"parent":8974,"menu_order":0,"comment_status":"closed","ping_status":"closed","template":"","meta":[],"_links":{"self":[{"href":"https:\/\/topicenergy.mediatd.com\/fr\/wp-json\/wp\/v2\/pages\/9001"}],"collection":[{"href":"https:\/\/topicenergy.mediatd.com\/fr\/wp-json\/wp\/v2\/pages"}],"about":[{"href":"https:\/\/topicenergy.mediatd.com\/fr\/wp-json\/wp\/v2\/types\/page"}],"author":[{"embeddable":true,"href":"https:\/\/topicenergy.mediatd.com\/fr\/wp-json\/wp\/v2\/users\/1"}],"replies":[{"embeddable":true,"href":"https:\/\/topicenergy.mediatd.com\/fr\/wp-json\/wp\/v2\/comments?post=9001"}],"version-history":[{"count":16,"href":"https:\/\/topicenergy.mediatd.com\/fr\/wp-json\/wp\/v2\/pages\/9001\/revisions"}],"predecessor-version":[{"id":9678,"href":"https:\/\/topicenergy.mediatd.com\/fr\/wp-json\/wp\/v2\/pages\/9001\/revisions\/9678"}],"up":[{"embeddable":true,"href":"https:\/\/topicenergy.mediatd.com\/fr\/wp-json\/wp\/v2\/pages\/8974"}],"wp:attachment":[{"href":"https:\/\/topicenergy.mediatd.com\/fr\/wp-json\/wp\/v2\/media?parent=9001"}],"curies":[{"name":"wp","href":"https:\/\/api.w.org\/{rel}","templated":true}]}}