{"id":8987,"date":"2022-12-20T12:03:35","date_gmt":"2022-12-20T11:03:35","guid":{"rendered":"https:\/\/topicenergy.mediatd.com\/?page_id=8987"},"modified":"2022-12-20T12:06:16","modified_gmt":"2022-12-20T11:06:16","slug":"vision","status":"publish","type":"page","link":"https:\/\/topicenergy.mediatd.com\/fr\/concept-daffaires\/vision\/","title":{"rendered":"Vision"},"content":{"rendered":"\t\t<div data-elementor-type=\"wp-page\" data-elementor-id=\"8987\" class=\"elementor elementor-8987\">\n\t\t\t\t\t\t\t\t\t<section class=\"elementor-section elementor-top-section elementor-element elementor-element-ac7d300 elementor-section-boxed elementor-section-height-default elementor-section-height-default\" data-id=\"ac7d300\" data-element_type=\"section\">\n\t\t\t\t\t\t<div class=\"elementor-container elementor-column-gap-default\">\n\t\t\t\t\t<div class=\"elementor-column elementor-col-100 elementor-top-column elementor-element elementor-element-b30aa5d\" data-id=\"b30aa5d\" data-element_type=\"column\">\n\t\t\t<div class=\"elementor-widget-wrap elementor-element-populated\">\n\t\t\t\t\t\t\t\t<div class=\"elementor-element elementor-element-e0ffe59 elementor-invisible elementor-widget elementor-widget-stm_icon_box\" data-id=\"e0ffe59\" data-element_type=\"widget\" data-settings=\"{&quot;_animation&quot;:&quot;fadeInDown&quot;}\" data-widget_type=\"stm_icon_box.default\">\n\t\t\t\t<div class=\"elementor-widget-container\">\n\t\t\t\n\n\n            <div onClick=\"return true\" class=\"icon_box  elementor-consulting-icon-box hexagon hexanog_animation style_1 icon_left clearfix\">\n                <div class=\"icon  font-color_default font-color_base_bg\" style=\"width:78px\">\n            <i style=\"font-size: 35px;  \"\n               class=\"fas fa-eye\"><\/i><\/div>\n        <div class=\"icon_text\">\n                    <h5  class=\"font-color_base no_stripe\">Vision\n<\/h5>\n                <p><strong>TOPIC<\/strong> s\u2019efforce d\u2019\u00eatre un leader ind\u00e9pendant de l\u2019\u00e9nergie d\u2019abord en TUNISIE puis en AFRIQUE DU NORD, reconnu comme tel par les autorit\u00e9s gouvernementales, le public et nos partenaires commerciaux.<\/p>\n<p>Les clients et les partenaires nous verront comme une partie int\u00e9grante de leur succ\u00e8s. Nous anticiperons leurs besoins et respecterons tous nos engagements.<br \/>Les gens seront fiers de travailler chez <strong>TOPIC<\/strong>. Nous cr\u00e9erons des occasions de r\u00e9aliser l\u2019extraordinaire et nous r\u00e9compenserons le succ\u00e8s.<br \/>Les communaut\u00e9s nous consid\u00e9reront comme responsables et r\u00e9ceptifs. Nous int\u00e9grerons les perspectives mondiales et locales, et favoriserons une saine gestion des ressources.<\/p>\n    <\/div>\n            <\/div>\n    \n\t\t<\/div>\n\t\t\t\t<\/div>\n\t\t\t\t\t<\/div>\n\t\t<\/div>\n\t\t\t\t\t\t\t<\/div>\n\t\t<\/section>\n\t\t\t\t\t\t\t<\/div>\n\t\t","protected":false},"excerpt":{"rendered":"<p>Vision TOPIC s\u2019efforce d\u2019\u00eatre un leader ind\u00e9pendant de l\u2019\u00e9nergie d\u2019abord en TUNISIE puis en AFRIQUE DU NORD, reconnu comme tel par les autorit\u00e9s gouvernementales, le public et nos partenaires commerciaux. Les clients et les partenaires nous verront comme une partie int\u00e9grante de leur succ\u00e8s. Nous anticiperons leurs besoins et respecterons tous nos engagements. Les gens<\/p>\n","protected":false},"author":1,"featured_media":0,"parent":8974,"menu_order":0,"comment_status":"closed","ping_status":"closed","template":"","meta":[],"_links":{"self":[{"href":"https:\/\/topicenergy.mediatd.com\/fr\/wp-json\/wp\/v2\/pages\/8987"}],"collection":[{"href":"https:\/\/topicenergy.mediatd.com\/fr\/wp-json\/wp\/v2\/pages"}],"about":[{"href":"https:\/\/topicenergy.mediatd.com\/fr\/wp-json\/wp\/v2\/types\/page"}],"author":[{"embeddable":true,"href":"https:\/\/topicenergy.mediatd.com\/fr\/wp-json\/wp\/v2\/users\/1"}],"replies":[{"embeddable":true,"href":"https:\/\/topicenergy.mediatd.com\/fr\/wp-json\/wp\/v2\/comments?post=8987"}],"version-history":[{"count":7,"href":"https:\/\/topicenergy.mediatd.com\/fr\/wp-json\/wp\/v2\/pages\/8987\/revisions"}],"predecessor-version":[{"id":8999,"href":"https:\/\/topicenergy.mediatd.com\/fr\/wp-json\/wp\/v2\/pages\/8987\/revisions\/8999"}],"up":[{"embeddable":true,"href":"https:\/\/topicenergy.mediatd.com\/fr\/wp-json\/wp\/v2\/pages\/8974"}],"wp:attachment":[{"href":"https:\/\/topicenergy.mediatd.com\/fr\/wp-json\/wp\/v2\/media?parent=8987"}],"curies":[{"name":"wp","href":"https:\/\/api.w.org\/{rel}","templated":true}]}}