{"id":8974,"date":"2022-12-20T11:45:25","date_gmt":"2022-12-20T10:45:25","guid":{"rendered":"https:\/\/topicenergy.mediatd.com\/?page_id=8974"},"modified":"2022-12-21T10:42:36","modified_gmt":"2022-12-21T09:42:36","slug":"concept-daffaires","status":"publish","type":"page","link":"https:\/\/topicenergy.mediatd.com\/fr\/concept-daffaires\/","title":{"rendered":"Concept d&#8217;affaires"},"content":{"rendered":"\t\t<div data-elementor-type=\"wp-page\" data-elementor-id=\"8974\" class=\"elementor elementor-8974\">\n\t\t\t\t\t\t\t\t\t<section class=\"elementor-section elementor-top-section elementor-element elementor-element-a1f1790 mobile_no_paddings elementor-section-boxed elementor-section-height-default elementor-section-height-default\" data-id=\"a1f1790\" data-element_type=\"section\" data-settings=\"{&quot;background_background&quot;:&quot;classic&quot;}\">\n\t\t\t\t\t\t\t<div class=\"elementor-background-overlay\"><\/div>\n\t\t\t\t\t\t\t<div class=\"elementor-container elementor-column-gap-default\">\n\t\t\t\t\t<div class=\"elementor-column elementor-col-100 elementor-top-column elementor-element elementor-element-a71574f mobile_no_paddings\" data-id=\"a71574f\" data-element_type=\"column\" data-settings=\"{&quot;background_background&quot;:&quot;classic&quot;}\">\n\t\t\t<div class=\"elementor-widget-wrap elementor-element-populated\">\n\t\t\t\t\t\t\t\t<div class=\"elementor-element elementor-element-1da6dd0 elementor-widget elementor-widget-heading\" data-id=\"1da6dd0\" data-element_type=\"widget\" data-widget_type=\"heading.default\">\n\t\t\t\t<div class=\"elementor-widget-container\">\n\t\t\t<style>\/*! elementor - v3.9.0 - 06-12-2022 *\/\n.elementor-heading-title{padding:0;margin:0;line-height:1}.elementor-widget-heading .elementor-heading-title[class*=elementor-size-]>a{color:inherit;font-size:inherit;line-height:inherit}.elementor-widget-heading .elementor-heading-title.elementor-size-small{font-size:15px}.elementor-widget-heading .elementor-heading-title.elementor-size-medium{font-size:19px}.elementor-widget-heading .elementor-heading-title.elementor-size-large{font-size:29px}.elementor-widget-heading .elementor-heading-title.elementor-size-xl{font-size:39px}.elementor-widget-heading .elementor-heading-title.elementor-size-xxl{font-size:59px}<\/style><h2 class=\"elementor-heading-title elementor-size-default\">Concept d'affaires<\/h2>\t\t<\/div>\n\t\t\t\t<\/div>\n\t\t\t\t\t<\/div>\n\t\t<\/div>\n\t\t\t\t\t\t\t<\/div>\n\t\t<\/section>\n\t\t\t\t<section class=\"elementor-section elementor-top-section elementor-element elementor-element-9144f97 elementor-section-boxed elementor-section-height-default elementor-section-height-default\" data-id=\"9144f97\" data-element_type=\"section\">\n\t\t\t\t\t\t<div class=\"elementor-container elementor-column-gap-default\">\n\t\t\t\t\t<div class=\"elementor-column elementor-col-100 elementor-top-column elementor-element elementor-element-55d8c8f\" data-id=\"55d8c8f\" data-element_type=\"column\">\n\t\t\t<div class=\"elementor-widget-wrap elementor-element-populated\">\n\t\t\t\t\t\t\t\t<div class=\"elementor-element elementor-element-a5e42e3 elementor-invisible elementor-widget elementor-widget-text-editor\" data-id=\"a5e42e3\" data-element_type=\"widget\" data-settings=\"{&quot;_animation&quot;:&quot;fadeInDown&quot;}\" data-widget_type=\"text-editor.default\">\n\t\t\t\t<div class=\"elementor-widget-container\">\n\t\t\t<style>\/*! elementor - v3.9.0 - 06-12-2022 *\/\n.elementor-widget-text-editor.elementor-drop-cap-view-stacked .elementor-drop-cap{background-color:#818a91;color:#fff}.elementor-widget-text-editor.elementor-drop-cap-view-framed .elementor-drop-cap{color:#818a91;border:3px solid;background-color:transparent}.elementor-widget-text-editor:not(.elementor-drop-cap-view-default) .elementor-drop-cap{margin-top:8px}.elementor-widget-text-editor:not(.elementor-drop-cap-view-default) .elementor-drop-cap-letter{width:1em;height:1em}.elementor-widget-text-editor .elementor-drop-cap{float:left;text-align:center;line-height:1;font-size:50px}.elementor-widget-text-editor .elementor-drop-cap-letter{display:inline-block}<\/style>\t\t\t\t<p>Notre premi\u00e8re priorit\u00e9, lors de l\u2019ex\u00e9cution de notre mission, est d\u2019atteindre un d\u00e9veloppement durable qui exige le strict respect d\u2019un syst\u00e8me de gestion H.S.S.E.Q. continuellement am\u00e9lior\u00e9. Notre r\u00e9putation d\u2019adh\u00e9rer aux normes les plus \u00e9lev\u00e9es de la culture d\u2019entreprise \u00e9thique est l\u2019un de nos atouts les plus pr\u00e9cieux.<\/p>\n\t\t\t\t\t\t<\/div>\n\t\t\t\t<\/div>\n\t\t\t\t\t<\/div>\n\t\t<\/div>\n\t\t\t\t\t\t\t<\/div>\n\t\t<\/section>\n\t\t\t\t<section class=\"elementor-section elementor-top-section elementor-element elementor-element-a525b69 elementor-section-boxed elementor-section-height-default elementor-section-height-default elementor-invisible\" data-id=\"a525b69\" data-element_type=\"section\" data-settings=\"{&quot;background_background&quot;:&quot;classic&quot;,&quot;animation&quot;:&quot;fadeInDown&quot;}\">\n\t\t\t\t\t\t<div class=\"elementor-container elementor-column-gap-default\">\n\t\t\t\t\t<div class=\"elementor-column elementor-col-25 elementor-top-column elementor-element elementor-element-a525f6e\" data-id=\"a525f6e\" data-element_type=\"column\">\n\t\t\t<div class=\"elementor-widget-wrap elementor-element-populated\">\n\t\t\t\t\t\t\t\t<div class=\"elementor-element elementor-element-a5262b9 elementor-widget elementor-widget-stm_icon_box\" data-id=\"a5262b9\" data-element_type=\"widget\" data-widget_type=\"stm_icon_box.default\">\n\t\t\t\t<div class=\"elementor-widget-container\">\n\t\t\t\n\n\n            <div onClick=\"return true\" class=\"icon_box  elementor-consulting-icon-box style_1 icon_left clearfix\">\n                <div class=\"icon  font-color_base font-color_third_bg\" style=\"width:70px\">\n            <i style=\"font-size: 25px;  width: 50px; height: 50px; display: flex; align-items: center; justify-content: center;\"\n               class=\"fas fa-eye\"><\/i><\/div>\n        <div class=\"icon_text\">\n                    <h5  class=\"font-color_base\">Vision\n<\/h5>\n                <p>Nous nous effor\u00e7ons d\u2019\u00eatre un leader premi\u00e8re compagnie \u00e9nerg\u00e9tique en Tunisie<br \/>puis en Afrique du Nord.<\/p>\n    <\/div>\n            <\/div>\n    \n\t\t<\/div>\n\t\t\t\t<\/div>\n\t\t\t\t<div class=\"elementor-element elementor-element-b0e605a elementor-widget elementor-widget-stm_icon_box\" data-id=\"b0e605a\" data-element_type=\"widget\" data-widget_type=\"stm_icon_box.default\">\n\t\t\t\t<div class=\"elementor-widget-container\">\n\t\t\t\n\n    <a href=\"https:\/\/topicenergy.mediatd.com\/concept-daffaires\/vision\/?lang=fr\" target=\"_self\" class=\"icon_box elementor-consulting-icon-box style_2 alignment_center  clearfix\">\n<div class=\"icon_box_inner\">\n            <div class=\"icon  font-color_base\" style=\"width:20px\">\n            <i style=\"font-size:25px; \"\n               class=\"fas fa-angle-right\"><\/i><\/div>\n                <h5 style=\"font-size:15px\" class=\"font-color_base\">Lire plus\n<\/h5>\n    <\/div>\n    <\/a>\n\t\t<\/div>\n\t\t\t\t<\/div>\n\t\t\t\t\t<\/div>\n\t\t<\/div>\n\t\t\t\t<div class=\"elementor-column elementor-col-25 elementor-top-column elementor-element elementor-element-a52651c\" data-id=\"a52651c\" data-element_type=\"column\">\n\t\t\t<div class=\"elementor-widget-wrap elementor-element-populated\">\n\t\t\t\t\t\t\t\t<div class=\"elementor-element elementor-element-a526938 elementor-widget elementor-widget-stm_icon_box\" data-id=\"a526938\" data-element_type=\"widget\" data-widget_type=\"stm_icon_box.default\">\n\t\t\t\t<div class=\"elementor-widget-container\">\n\t\t\t\n\n\n            <div onClick=\"return true\" class=\"icon_box  elementor-consulting-icon-box style_1 icon_left clearfix\">\n                <div class=\"icon  font-color_base font-color_third_bg\" style=\"width:70px\">\n            <i style=\"font-size: 25px;  width: 50px; height: 50px; display: flex; align-items: center; justify-content: center;\"\n               class=\" stm-target\"><\/i><\/div>\n        <div class=\"icon_text\">\n                    <h5  class=\"font-color_base\">Mission\n<\/h5>\n                <p>Notre mission est de poss\u00e9der et exploiter un portefeuille \u00e9quilibr\u00e9 des actifs \u00e9nerg\u00e9tiques<\/p>\n    <\/div>\n            <\/div>\n    \n\t\t<\/div>\n\t\t\t\t<\/div>\n\t\t\t\t<div class=\"elementor-element elementor-element-b8b7be6 elementor-widget elementor-widget-stm_icon_box\" data-id=\"b8b7be6\" data-element_type=\"widget\" data-widget_type=\"stm_icon_box.default\">\n\t\t\t\t<div class=\"elementor-widget-container\">\n\t\t\t\n\n    <a href=\"https:\/\/topicenergy.mediatd.com\/concept-daffaires\/mission-2\/?lang=fr\" target=\"_self\" class=\"icon_box elementor-consulting-icon-box style_2 alignment_center  clearfix\">\n<div class=\"icon_box_inner\">\n            <div class=\"icon  font-color_base\" style=\"width:20px\">\n            <i style=\"font-size:25px; \"\n               class=\"fas fa-angle-right\"><\/i><\/div>\n                <h5 style=\"font-size:15px\" class=\"font-color_base\">Lire plus\n<\/h5>\n    <\/div>\n    <\/a>\n\t\t<\/div>\n\t\t\t\t<\/div>\n\t\t\t\t\t<\/div>\n\t\t<\/div>\n\t\t\t\t<div class=\"elementor-column elementor-col-25 elementor-top-column elementor-element elementor-element-33e3e4c\" data-id=\"33e3e4c\" data-element_type=\"column\">\n\t\t\t<div class=\"elementor-widget-wrap elementor-element-populated\">\n\t\t\t\t\t\t\t\t<div class=\"elementor-element elementor-element-ae34d09 elementor-widget elementor-widget-stm_icon_box\" data-id=\"ae34d09\" data-element_type=\"widget\" data-widget_type=\"stm_icon_box.default\">\n\t\t\t\t<div class=\"elementor-widget-container\">\n\t\t\t\n\n\n            <div onClick=\"return true\" class=\"icon_box  elementor-consulting-icon-box style_1 icon_left clearfix\">\n                <div class=\"icon  font-color_base font-color_third_bg\" style=\"width:70px\">\n            <i style=\"font-size: 25px;  width: 50px; height: 50px; display: flex; align-items: center; justify-content: center;\"\n               class=\" stm-stm14_bulb\"><\/i><\/div>\n        <div class=\"icon_text\">\n                    <h5  class=\"font-color_base\">Strategie\n<\/h5>\n                <p>Notre strat\u00e9gie est bas\u00e9e sur la technologie innovante<br \/>\net l\u2019externalisation<\/p>\n    <\/div>\n            <\/div>\n    \n\t\t<\/div>\n\t\t\t\t<\/div>\n\t\t\t\t<div class=\"elementor-element elementor-element-ff3e2fe elementor-widget elementor-widget-stm_icon_box\" data-id=\"ff3e2fe\" data-element_type=\"widget\" data-widget_type=\"stm_icon_box.default\">\n\t\t\t\t<div class=\"elementor-widget-container\">\n\t\t\t\n\n    <a href=\"https:\/\/topicenergy.mediatd.com\/concept-daffaires\/strategie\/?lang=fr\" target=\"_self\" class=\"icon_box elementor-consulting-icon-box style_2 alignment_center  clearfix\">\n<div class=\"icon_box_inner\">\n            <div class=\"icon  font-color_base\" style=\"width:20px\">\n            <i style=\"font-size:25px; \"\n               class=\"fas fa-angle-right\"><\/i><\/div>\n                <h5 style=\"font-size:15px\" class=\"font-color_base\">Lire plus\n<\/h5>\n    <\/div>\n    <\/a>\n\t\t<\/div>\n\t\t\t\t<\/div>\n\t\t\t\t\t<\/div>\n\t\t<\/div>\n\t\t\t\t<div class=\"elementor-column elementor-col-25 elementor-top-column elementor-element elementor-element-a526c8d\" data-id=\"a526c8d\" data-element_type=\"column\">\n\t\t\t<div class=\"elementor-widget-wrap elementor-element-populated\">\n\t\t\t\t\t\t\t\t<div class=\"elementor-element elementor-element-a5271a5 elementor-widget elementor-widget-stm_icon_box\" data-id=\"a5271a5\" data-element_type=\"widget\" data-widget_type=\"stm_icon_box.default\">\n\t\t\t\t<div class=\"elementor-widget-container\">\n\t\t\t\n\n\n            <div onClick=\"return true\" class=\"icon_box  elementor-consulting-icon-box style_1 icon_left clearfix\">\n                <div class=\"icon  font-color_base font-color_third_bg\" style=\"width:70px\">\n            <i style=\"font-size: 25px;  width: 50px; height: 50px; display: flex; align-items: center; justify-content: center;\"\n               class=\" stm-award\"><\/i><\/div>\n        <div class=\"icon_text\">\n                    <h5  class=\"font-color_base\">Valeur\n<\/h5>\n                <p>Un engagement envers le plus haut normes d\u2019\u00e9thique, de s\u00e9curit\u00e9 et respect de l\u2019environnement<\/p>\n    <\/div>\n            <\/div>\n    \n\t\t<\/div>\n\t\t\t\t<\/div>\n\t\t\t\t<div class=\"elementor-element elementor-element-ad368eb elementor-widget elementor-widget-stm_icon_box\" data-id=\"ad368eb\" data-element_type=\"widget\" data-widget_type=\"stm_icon_box.default\">\n\t\t\t\t<div class=\"elementor-widget-container\">\n\t\t\t\n\n    <a href=\"https:\/\/topicenergy.mediatd.com\/concept-daffaires\/values\/?lang=fr\" target=\"_self\" class=\"icon_box elementor-consulting-icon-box style_2 alignment_center  clearfix\">\n<div class=\"icon_box_inner\">\n            <div class=\"icon  font-color_base\" style=\"width:20px\">\n            <i style=\"font-size:25px; \"\n               class=\"fas fa-angle-right\"><\/i><\/div>\n                <h5 style=\"font-size:15px\" class=\"font-color_base\">Lire plus\n<\/h5>\n    <\/div>\n    <\/a>\n\t\t<\/div>\n\t\t\t\t<\/div>\n\t\t\t\t\t<\/div>\n\t\t<\/div>\n\t\t\t\t\t\t\t<\/div>\n\t\t<\/section>\n\t\t\t\t\t\t\t<\/div>\n\t\t","protected":false},"excerpt":{"rendered":"<p>Concept d&#8217;affaires Notre premi\u00e8re priorit\u00e9, lors de l\u2019ex\u00e9cution de notre mission, est d\u2019atteindre un d\u00e9veloppement durable qui exige le strict respect d\u2019un syst\u00e8me de gestion H.S.S.E.Q. continuellement am\u00e9lior\u00e9. Notre r\u00e9putation d\u2019adh\u00e9rer aux normes les plus \u00e9lev\u00e9es de la culture d\u2019entreprise \u00e9thique est l\u2019un de nos atouts les plus pr\u00e9cieux. Vision Nous nous effor\u00e7ons d\u2019\u00eatre un<\/p>\n","protected":false},"author":1,"featured_media":0,"parent":0,"menu_order":0,"comment_status":"closed","ping_status":"closed","template":"","meta":[],"_links":{"self":[{"href":"https:\/\/topicenergy.mediatd.com\/fr\/wp-json\/wp\/v2\/pages\/8974"}],"collection":[{"href":"https:\/\/topicenergy.mediatd.com\/fr\/wp-json\/wp\/v2\/pages"}],"about":[{"href":"https:\/\/topicenergy.mediatd.com\/fr\/wp-json\/wp\/v2\/types\/page"}],"author":[{"embeddable":true,"href":"https:\/\/topicenergy.mediatd.com\/fr\/wp-json\/wp\/v2\/users\/1"}],"replies":[{"embeddable":true,"href":"https:\/\/topicenergy.mediatd.com\/fr\/wp-json\/wp\/v2\/comments?post=8974"}],"version-history":[{"count":21,"href":"https:\/\/topicenergy.mediatd.com\/fr\/wp-json\/wp\/v2\/pages\/8974\/revisions"}],"predecessor-version":[{"id":9179,"href":"https:\/\/topicenergy.mediatd.com\/fr\/wp-json\/wp\/v2\/pages\/8974\/revisions\/9179"}],"wp:attachment":[{"href":"https:\/\/topicenergy.mediatd.com\/fr\/wp-json\/wp\/v2\/media?parent=8974"}],"curies":[{"name":"wp","href":"https:\/\/api.w.org\/{rel}","templated":true}]}}