{"id":8963,"date":"2022-12-20T11:40:23","date_gmt":"2022-12-20T10:40:23","guid":{"rendered":"https:\/\/topicenergy.mediatd.com\/?page_id=8963"},"modified":"2022-12-27T08:55:59","modified_gmt":"2022-12-27T07:55:59","slug":"strategie-de-topic","status":"publish","type":"page","link":"https:\/\/topicenergy.mediatd.com\/fr\/strategie-de-topic\/","title":{"rendered":"Strat\u00e9gie de TOPIC"},"content":{"rendered":"\t\t<div data-elementor-type=\"wp-page\" data-elementor-id=\"8963\" class=\"elementor elementor-8963\">\n\t\t\t\t\t\t\t\t\t<section class=\"elementor-section elementor-top-section elementor-element elementor-element-d40b129 mobile_no_paddings elementor-section-boxed elementor-section-height-default elementor-section-height-default\" data-id=\"d40b129\" data-element_type=\"section\" data-settings=\"{&quot;background_background&quot;:&quot;classic&quot;}\">\n\t\t\t\t\t\t\t<div class=\"elementor-background-overlay\"><\/div>\n\t\t\t\t\t\t\t<div class=\"elementor-container elementor-column-gap-default\">\n\t\t\t\t\t<div class=\"elementor-column elementor-col-100 elementor-top-column elementor-element elementor-element-a212880\" data-id=\"a212880\" data-element_type=\"column\">\n\t\t\t<div class=\"elementor-widget-wrap elementor-element-populated\">\n\t\t\t\t\t\t\t\t<div class=\"elementor-element elementor-element-4533449 elementor-widget elementor-widget-spacer\" data-id=\"4533449\" data-element_type=\"widget\" data-widget_type=\"spacer.default\">\n\t\t\t\t<div class=\"elementor-widget-container\">\n\t\t\t<style>\/*! elementor - v3.9.0 - 06-12-2022 *\/\n.elementor-column .elementor-spacer-inner{height:var(--spacer-size)}.e-con{--container-widget-width:100%}.e-con-inner>.elementor-widget-spacer,.e-con>.elementor-widget-spacer{width:var(--container-widget-width,var(--spacer-size));--align-self:var(--container-widget-align-self,initial);--flex-shrink:0}.e-con-inner>.elementor-widget-spacer>.elementor-widget-container,.e-con-inner>.elementor-widget-spacer>.elementor-widget-container>.elementor-spacer,.e-con>.elementor-widget-spacer>.elementor-widget-container,.e-con>.elementor-widget-spacer>.elementor-widget-container>.elementor-spacer{height:100%}.e-con-inner>.elementor-widget-spacer>.elementor-widget-container>.elementor-spacer>.elementor-spacer-inner,.e-con>.elementor-widget-spacer>.elementor-widget-container>.elementor-spacer>.elementor-spacer-inner{height:var(--container-widget-height,var(--spacer-size))}<\/style>\t\t<div class=\"elementor-spacer\">\n\t\t\t<div class=\"elementor-spacer-inner\"><\/div>\n\t\t<\/div>\n\t\t\t\t<\/div>\n\t\t\t\t<\/div>\n\t\t\t\t\t<\/div>\n\t\t<\/div>\n\t\t\t\t\t\t\t<\/div>\n\t\t<\/section>\n\t\t\t\t<section class=\"elementor-section elementor-top-section elementor-element elementor-element-83e6924 elementor-section-boxed elementor-section-height-default elementor-section-height-default\" data-id=\"83e6924\" data-element_type=\"section\" data-settings=\"{&quot;background_background&quot;:&quot;classic&quot;}\">\n\t\t\t\t\t\t<div class=\"elementor-container elementor-column-gap-default\">\n\t\t\t\t\t<div class=\"elementor-column elementor-col-50 elementor-top-column elementor-element elementor-element-83e715b\" data-id=\"83e715b\" data-element_type=\"column\">\n\t\t\t<div class=\"elementor-widget-wrap elementor-element-populated\">\n\t\t\t\t\t\t\t\t<div class=\"elementor-element elementor-element-83e78e4 elementor-invisible elementor-widget elementor-widget-text-editor\" data-id=\"83e78e4\" data-element_type=\"widget\" data-settings=\"{&quot;_animation&quot;:&quot;fadeInLeft&quot;}\" data-widget_type=\"text-editor.default\">\n\t\t\t\t<div class=\"elementor-widget-container\">\n\t\t\t<style>\/*! elementor - v3.9.0 - 06-12-2022 *\/\n.elementor-widget-text-editor.elementor-drop-cap-view-stacked .elementor-drop-cap{background-color:#818a91;color:#fff}.elementor-widget-text-editor.elementor-drop-cap-view-framed .elementor-drop-cap{color:#818a91;border:3px solid;background-color:transparent}.elementor-widget-text-editor:not(.elementor-drop-cap-view-default) .elementor-drop-cap{margin-top:8px}.elementor-widget-text-editor:not(.elementor-drop-cap-view-default) .elementor-drop-cap-letter{width:1em;height:1em}.elementor-widget-text-editor .elementor-drop-cap{float:left;text-align:center;line-height:1;font-size:50px}.elementor-widget-text-editor .elementor-drop-cap-letter{display:inline-block}<\/style>\t\t\t\t<h2>Strat\u00e9gie de TOPIC<\/h2>\n<p>S\u2019appuyant sur son \u00e9quipe fortement engag\u00e9e de professionnels hautement qualifi\u00e9s agissant en tant qu\u2019acheteurs conseill\u00e9s, la strat\u00e9gie <strong>TOPIC<\/strong> s\u2019articule autour de ce qui suit\u00a0:<\/p>\n<ul>\n<li>Correspondance entre un portefeuille \u00e9quilibr\u00e9 d\u2019actifs \u00e9nerg\u00e9tiques et les flux financiers appropri\u00e9s.<\/li>\n<li>Appliquer le mieux possible des approches techniques et contractuelles novatrices pour g\u00e9rer les risques et garantir des d\u00e9veloppements \u00e9nerg\u00e9tiques rentables.<\/li>\n<li>Saisir la valeur ajout\u00e9e des synergies \u00e0 d\u00e9velopper au sein du groupe et\/ou avec des partenaires externes.<\/li>\n<li>Externaliser autant que possible et garder l\u2019\u00e9quipe aussi petite et coh\u00e9rente que n\u00e9cessaire tout en mettant en \u0153uvre\u00a0:<\/li>\n<\/ul>\n<ul>\n<li style=\"list-style-type: none;\">\n<ul>\n<li>Syst\u00e8me de gestion HSS&amp;ESR ad\u00e9quat;<\/li>\n<li>Conduite \u00e9thique;<\/li>\n<li>Syst\u00e8me rigoureux de contr\u00f4le de l\u2019information et de la gestion financi\u00e8re.<\/li>\n<\/ul>\n<\/li>\n<\/ul>\n\t\t\t\t\t\t<\/div>\n\t\t\t\t<\/div>\n\t\t\t\t\t<\/div>\n\t\t<\/div>\n\t\t\t\t<div class=\"elementor-column elementor-col-50 elementor-top-column elementor-element elementor-element-9846729\" data-id=\"9846729\" data-element_type=\"column\">\n\t\t\t<div class=\"elementor-widget-wrap elementor-element-populated\">\n\t\t\t\t\t\t\t\t<div class=\"elementor-element elementor-element-7091135 elementor-invisible elementor-widget elementor-widget-image\" data-id=\"7091135\" data-element_type=\"widget\" data-settings=\"{&quot;_animation&quot;:&quot;fadeInRight&quot;}\" data-widget_type=\"image.default\">\n\t\t\t\t<div class=\"elementor-widget-container\">\n\t\t\t<style>\/*! elementor - v3.9.0 - 06-12-2022 *\/\n.elementor-widget-image{text-align:center}.elementor-widget-image a{display:inline-block}.elementor-widget-image a img[src$=\".svg\"]{width:48px}.elementor-widget-image img{vertical-align:middle;display:inline-block}<\/style>\t\t\t\t\t\t\t\t\t\t\t\t<img decoding=\"async\" width=\"200\" height=\"300\" src=\"https:\/\/topicenergy.mediatd.com\/wp-content\/uploads\/2022\/12\/Management1.jpg\" class=\"attachment-large size-large wp-image-7375\" alt=\"Tunisian Offshore and onshore Petroleum and Industrial Contractors\" loading=\"lazy\" \/>\t\t\t\t\t\t\t\t\t\t\t\t\t\t\t<\/div>\n\t\t\t\t<\/div>\n\t\t\t\t\t<\/div>\n\t\t<\/div>\n\t\t\t\t\t\t\t<\/div>\n\t\t<\/section>\n\t\t\t\t\t\t\t<\/div>\n\t\t","protected":false},"excerpt":{"rendered":"<p>Strat\u00e9gie de TOPIC S\u2019appuyant sur son \u00e9quipe fortement engag\u00e9e de professionnels hautement qualifi\u00e9s agissant en tant qu\u2019acheteurs conseill\u00e9s, la strat\u00e9gie TOPIC s\u2019articule autour de ce qui suit\u00a0: Correspondance entre un portefeuille \u00e9quilibr\u00e9 d\u2019actifs \u00e9nerg\u00e9tiques et les flux financiers appropri\u00e9s. Appliquer le mieux possible des approches techniques et contractuelles novatrices pour g\u00e9rer les risques et garantir<\/p>\n","protected":false},"author":1,"featured_media":0,"parent":0,"menu_order":0,"comment_status":"closed","ping_status":"closed","template":"","meta":[],"_links":{"self":[{"href":"https:\/\/topicenergy.mediatd.com\/fr\/wp-json\/wp\/v2\/pages\/8963"}],"collection":[{"href":"https:\/\/topicenergy.mediatd.com\/fr\/wp-json\/wp\/v2\/pages"}],"about":[{"href":"https:\/\/topicenergy.mediatd.com\/fr\/wp-json\/wp\/v2\/types\/page"}],"author":[{"embeddable":true,"href":"https:\/\/topicenergy.mediatd.com\/fr\/wp-json\/wp\/v2\/users\/1"}],"replies":[{"embeddable":true,"href":"https:\/\/topicenergy.mediatd.com\/fr\/wp-json\/wp\/v2\/comments?post=8963"}],"version-history":[{"count":13,"href":"https:\/\/topicenergy.mediatd.com\/fr\/wp-json\/wp\/v2\/pages\/8963\/revisions"}],"predecessor-version":[{"id":9447,"href":"https:\/\/topicenergy.mediatd.com\/fr\/wp-json\/wp\/v2\/pages\/8963\/revisions\/9447"}],"wp:attachment":[{"href":"https:\/\/topicenergy.mediatd.com\/fr\/wp-json\/wp\/v2\/media?parent=8963"}],"curies":[{"name":"wp","href":"https:\/\/api.w.org\/{rel}","templated":true}]}}