{"id":8879,"date":"2022-12-20T08:53:51","date_gmt":"2022-12-20T07:53:51","guid":{"rendered":"https:\/\/topicenergy.mediatd.com\/?page_id=8879"},"modified":"2022-12-20T08:56:35","modified_gmt":"2022-12-20T07:56:35","slug":"nos-operations","status":"publish","type":"page","link":"https:\/\/topicenergy.mediatd.com\/fr\/nos-operations\/","title":{"rendered":"Nos op\u00e9rations"},"content":{"rendered":"\t\t<div data-elementor-type=\"wp-page\" data-elementor-id=\"8879\" class=\"elementor elementor-8879\">\n\t\t\t\t\t\t\t\t\t<section class=\"elementor-section elementor-top-section elementor-element elementor-element-607d039 elementor-section-boxed elementor-section-height-default elementor-section-height-default\" data-id=\"607d039\" data-element_type=\"section\" data-settings=\"{&quot;background_background&quot;:&quot;classic&quot;}\">\n\t\t\t\t\t\t<div class=\"elementor-container elementor-column-gap-default\">\n\t\t\t\t\t<div class=\"elementor-column elementor-col-100 elementor-top-column elementor-element elementor-element-607d650\" data-id=\"607d650\" data-element_type=\"column\">\n\t\t\t<div class=\"elementor-widget-wrap elementor-element-populated\">\n\t\t\t\t\t\t\t\t<div class=\"elementor-element elementor-element-607db0f elementor-widget elementor-widget-stm_services\" data-id=\"607db0f\" data-element_type=\"widget\" data-widget_type=\"stm_services.default\">\n\t\t\t\t<div class=\"elementor-widget-container\">\n\t\t\t\n\n    <div class=\"stm_services consulting_elementor_services style_10 cols_3\">\n                    <div class=\"item\">\n                <div class=\"service-content\">\n\n                    \n                        <a href=\"https:\/\/topicenergy.mediatd.com\/fr\/service\/zelfa\/\" class=\"service-image-box\">\n                                                            <img width=\"1920\" height=\"1080\" src=\"https:\/\/topicenergy.mediatd.com\/wp-content\/uploads\/2016\/01\/topiic.jpg\" class=\"attachment-full size-full wp-post-image\" alt=\"\" decoding=\"async\" loading=\"lazy\" srcset=\"https:\/\/topicenergy.mediatd.com\/wp-content\/uploads\/2016\/01\/topiic.jpg 1920w, https:\/\/topicenergy.mediatd.com\/wp-content\/uploads\/2016\/01\/topiic-300x169.jpg 300w, https:\/\/topicenergy.mediatd.com\/wp-content\/uploads\/2016\/01\/topiic-1024x576.jpg 1024w, https:\/\/topicenergy.mediatd.com\/wp-content\/uploads\/2016\/01\/topiic-768x432.jpg 768w, https:\/\/topicenergy.mediatd.com\/wp-content\/uploads\/2016\/01\/topiic-1536x864.jpg 1536w, https:\/\/topicenergy.mediatd.com\/wp-content\/uploads\/2016\/01\/topiic-900x506.jpg 900w, https:\/\/topicenergy.mediatd.com\/wp-content\/uploads\/2016\/01\/topiic-600x338.jpg 600w\" sizes=\"(max-width: 1920px) 100vw, 1920px\" \/>                                                        <span class=\"service-title\">ZELFA<\/span>\n                        <\/a>\n\n                    \n                    <div class=\"service-description\">\n                        <p>Fin 2012, TOPIC a acquis de Lundin sa participation de 43,75 % dans la concession offshore \u00ab ZELFA \u00bb. Les 56,25% restants sont d\u00e9tenus par ETAP (30%), Sinochem\/Atlantis (22,75%) et Klabsuba (3,5%). TOPIC est l\u2019op\u00e9rateur.<\/p>\n                    <\/div>\n\n                    <a href=\"https:\/\/topicenergy.mediatd.com\/fr\/service\/zelfa\/\" class=\"service-more\">\n                        See More                        <i class=\"stm-right-arrow\"><\/i>\n                    <\/a>\n\n                <\/div>\n            <\/div>\n                    <div class=\"item\">\n                <div class=\"service-content\">\n\n                    \n                        <a href=\"https:\/\/topicenergy.mediatd.com\/fr\/service\/jelma\/\" class=\"service-image-box\">\n                                                            <img width=\"800\" height=\"450\" src=\"https:\/\/topicenergy.mediatd.com\/wp-content\/uploads\/2016\/01\/100_3248.jpg\" class=\"attachment-full size-full wp-post-image\" alt=\"\" decoding=\"async\" loading=\"lazy\" srcset=\"https:\/\/topicenergy.mediatd.com\/wp-content\/uploads\/2016\/01\/100_3248.jpg 800w, https:\/\/topicenergy.mediatd.com\/wp-content\/uploads\/2016\/01\/100_3248-300x169.jpg 300w, https:\/\/topicenergy.mediatd.com\/wp-content\/uploads\/2016\/01\/100_3248-768x432.jpg 768w, https:\/\/topicenergy.mediatd.com\/wp-content\/uploads\/2016\/01\/100_3248-600x338.jpg 600w\" sizes=\"(max-width: 800px) 100vw, 800px\" \/>                                                        <span class=\"service-title\">JELMA<\/span>\n                        <\/a>\n\n                    \n                    <div class=\"service-description\">\n                        <p>En octobre 2001, TOPIC a acquis une participation de 15 % (30 % de sa participation active) dans le bloc de prospection terrestre \u00ab JELMA \u00bb exploit\u00e9<\/p>\n                    <\/div>\n\n                    <a href=\"https:\/\/topicenergy.mediatd.com\/fr\/service\/jelma\/\" class=\"service-more\">\n                        See More                        <i class=\"stm-right-arrow\"><\/i>\n                    <\/a>\n\n                <\/div>\n            <\/div>\n                    <div class=\"item\">\n                <div class=\"service-content\">\n\n                    \n                        <a href=\"https:\/\/topicenergy.mediatd.com\/fr\/service\/halk-el-menzel\/\" class=\"service-image-box\">\n                                                            <img width=\"800\" height=\"450\" src=\"https:\/\/topicenergy.mediatd.com\/wp-content\/uploads\/2016\/01\/helm-1.jpg\" class=\"attachment-full size-full wp-post-image\" alt=\"\" decoding=\"async\" loading=\"lazy\" srcset=\"https:\/\/topicenergy.mediatd.com\/wp-content\/uploads\/2016\/01\/helm-1.jpg 800w, https:\/\/topicenergy.mediatd.com\/wp-content\/uploads\/2016\/01\/helm-1-300x169.jpg 300w, https:\/\/topicenergy.mediatd.com\/wp-content\/uploads\/2016\/01\/helm-1-768x432.jpg 768w, https:\/\/topicenergy.mediatd.com\/wp-content\/uploads\/2016\/01\/helm-1-600x338.jpg 600w\" sizes=\"(max-width: 800px) 100vw, 800px\" \/>                                                        <span class=\"service-title\">HALK EL MENZEL<\/span>\n                        <\/a>\n\n                    \n                    <div class=\"service-description\">\n                        <p>Le bloc couvre une zone extrac\u00f4ti\u00e8re de 570 km2 dans le golfe de Hammamet dans le nord de la Tunisie, une province p\u00e9troli\u00e8re importante. La profondeur de l\u2019eau est de 76 m\u00e8tres, et le champ se trouve \u00e0 environ 70 kilom\u00e8tres au nord-est de la ville de Monastir.<\/p>\n                    <\/div>\n\n                    <a href=\"https:\/\/topicenergy.mediatd.com\/fr\/service\/halk-el-menzel\/\" class=\"service-more\">\n                        See More                        <i class=\"stm-right-arrow\"><\/i>\n                    <\/a>\n\n                <\/div>\n            <\/div>\n            <\/div>\n\t\t<\/div>\n\t\t\t\t<\/div>\n\t\t\t\t\t<\/div>\n\t\t<\/div>\n\t\t\t\t\t\t\t<\/div>\n\t\t<\/section>\n\t\t\t\t<section class=\"elementor-section elementor-top-section elementor-element elementor-element-607dfd6 third_bg_color elementor-section-boxed elementor-section-height-default elementor-section-height-default\" data-id=\"607dfd6\" data-element_type=\"section\" data-settings=\"{&quot;background_background&quot;:&quot;classic&quot;}\">\n\t\t\t\t\t\t<div class=\"elementor-container elementor-column-gap-default\">\n\t\t\t\t\t<div class=\"elementor-column elementor-col-100 elementor-top-column elementor-element elementor-element-607e55f\" data-id=\"607e55f\" data-element_type=\"column\">\n\t\t\t<div class=\"elementor-widget-wrap elementor-element-populated\">\n\t\t\t\t\t\t\t\t<div class=\"elementor-element elementor-element-607e985 elementor-widget elementor-widget-vc_cta\" data-id=\"607e985\" data-element_type=\"widget\" data-widget_type=\"vc_cta.default\">\n\t\t\t\t<div class=\"elementor-widget-container\">\n\t\t\t\n<div class=\"ce_cta ce_cta_51cfce2c1ff82373316f3005057e73bb ce_text_left third_bg_color add_button_right btn_align_right btn_button_block_ btn_has_icon btn_has_icon_on_the_right\" id=\"\">\n\n    <div class=\"ce_cta__content\">\n        <div class=\"ce_cta__content__header\">\n            <h2  class='ce_cta__content__title '>Restez branch\u00e9s pour plus de projets.<\/h2>                    <\/div>\n\n        \n    <\/div>\n\n    \n<\/div>\n\t\t<\/div>\n\t\t\t\t<\/div>\n\t\t\t\t\t<\/div>\n\t\t<\/div>\n\t\t\t\t\t\t\t<\/div>\n\t\t<\/section>\n\t\t\t\t\t\t\t<\/div>\n\t\t","protected":false},"excerpt":{"rendered":"<p>Restez branch\u00e9s pour plus de projets.<\/p>\n","protected":false},"author":1,"featured_media":0,"parent":0,"menu_order":0,"comment_status":"closed","ping_status":"closed","template":"","meta":[],"_links":{"self":[{"href":"https:\/\/topicenergy.mediatd.com\/fr\/wp-json\/wp\/v2\/pages\/8879"}],"collection":[{"href":"https:\/\/topicenergy.mediatd.com\/fr\/wp-json\/wp\/v2\/pages"}],"about":[{"href":"https:\/\/topicenergy.mediatd.com\/fr\/wp-json\/wp\/v2\/types\/page"}],"author":[{"embeddable":true,"href":"https:\/\/topicenergy.mediatd.com\/fr\/wp-json\/wp\/v2\/users\/1"}],"replies":[{"embeddable":true,"href":"https:\/\/topicenergy.mediatd.com\/fr\/wp-json\/wp\/v2\/comments?post=8879"}],"version-history":[{"count":7,"href":"https:\/\/topicenergy.mediatd.com\/fr\/wp-json\/wp\/v2\/pages\/8879\/revisions"}],"predecessor-version":[{"id":8886,"href":"https:\/\/topicenergy.mediatd.com\/fr\/wp-json\/wp\/v2\/pages\/8879\/revisions\/8886"}],"wp:attachment":[{"href":"https:\/\/topicenergy.mediatd.com\/fr\/wp-json\/wp\/v2\/media?parent=8879"}],"curies":[{"name":"wp","href":"https:\/\/api.w.org\/{rel}","templated":true}]}}