{"id":8858,"date":"2022-12-19T17:45:20","date_gmt":"2022-12-19T16:45:20","guid":{"rendered":"https:\/\/topicenergy.mediatd.com\/?page_id=8858"},"modified":"2022-12-19T17:49:18","modified_gmt":"2022-12-19T16:49:18","slug":"sarost-presentation","status":"publish","type":"page","link":"https:\/\/topicenergy.mediatd.com\/fr\/sarost-presentation\/","title":{"rendered":"SAROST presentation"},"content":{"rendered":"\t\t<div data-elementor-type=\"wp-page\" data-elementor-id=\"8858\" class=\"elementor elementor-8858\">\n\t\t\t\t\t\t\t\t\t<section class=\"elementor-section elementor-top-section elementor-element elementor-element-e052475 mobile_no_paddings elementor-section-boxed elementor-section-height-default elementor-section-height-default\" data-id=\"e052475\" data-element_type=\"section\" data-settings=\"{&quot;background_background&quot;:&quot;classic&quot;}\">\n\t\t\t\t\t\t\t<div class=\"elementor-background-overlay\"><\/div>\n\t\t\t\t\t\t\t<div class=\"elementor-container elementor-column-gap-default\">\n\t\t\t\t\t<div class=\"elementor-column elementor-col-100 elementor-top-column elementor-element elementor-element-93e1f75 mobile_no_paddings\" data-id=\"93e1f75\" data-element_type=\"column\" data-settings=\"{&quot;background_background&quot;:&quot;classic&quot;}\">\n\t\t\t<div class=\"elementor-widget-wrap elementor-element-populated\">\n\t\t\t\t\t\t\t\t<div class=\"elementor-element elementor-element-16c3b04 elementor-widget elementor-widget-heading\" data-id=\"16c3b04\" data-element_type=\"widget\" data-widget_type=\"heading.default\">\n\t\t\t\t<div class=\"elementor-widget-container\">\n\t\t\t<style>\/*! elementor - v3.9.0 - 06-12-2022 *\/\n.elementor-heading-title{padding:0;margin:0;line-height:1}.elementor-widget-heading .elementor-heading-title[class*=elementor-size-]>a{color:inherit;font-size:inherit;line-height:inherit}.elementor-widget-heading .elementor-heading-title.elementor-size-small{font-size:15px}.elementor-widget-heading .elementor-heading-title.elementor-size-medium{font-size:19px}.elementor-widget-heading .elementor-heading-title.elementor-size-large{font-size:29px}.elementor-widget-heading .elementor-heading-title.elementor-size-xl{font-size:39px}.elementor-widget-heading .elementor-heading-title.elementor-size-xxl{font-size:59px}<\/style><h2 class=\"elementor-heading-title elementor-size-default\">Pr\u00e9sentation SAROST <\/h2>\t\t<\/div>\n\t\t\t\t<\/div>\n\t\t\t\t\t<\/div>\n\t\t<\/div>\n\t\t\t\t\t\t\t<\/div>\n\t\t<\/section>\n\t\t\t\t<section class=\"elementor-section elementor-top-section elementor-element elementor-element-b762fdb elementor-section-boxed elementor-section-height-default elementor-section-height-default\" data-id=\"b762fdb\" data-element_type=\"section\">\n\t\t\t\t\t\t<div class=\"elementor-container elementor-column-gap-default\">\n\t\t\t\t\t<div class=\"elementor-column elementor-col-100 elementor-top-column elementor-element elementor-element-51425f2\" data-id=\"51425f2\" data-element_type=\"column\">\n\t\t\t<div class=\"elementor-widget-wrap\">\n\t\t\t\t\t\t\t\t\t<\/div>\n\t\t<\/div>\n\t\t\t\t\t\t\t<\/div>\n\t\t<\/section>\n\t\t\t\t<section class=\"elementor-section elementor-top-section elementor-element elementor-element-01cea50 elementor-section-boxed elementor-section-height-default elementor-section-height-default elementor-invisible\" data-id=\"01cea50\" data-element_type=\"section\" data-settings=\"{&quot;animation&quot;:&quot;fadeInDown&quot;}\">\n\t\t\t\t\t\t<div class=\"elementor-container elementor-column-gap-default\">\n\t\t\t\t\t<div class=\"elementor-column elementor-col-50 elementor-top-column elementor-element elementor-element-2eb65bd\" data-id=\"2eb65bd\" data-element_type=\"column\">\n\t\t\t<div class=\"elementor-widget-wrap elementor-element-populated\">\n\t\t\t\t\t\t\t\t<div class=\"elementor-element elementor-element-b215a79 elementor-widget elementor-widget-text-editor\" data-id=\"b215a79\" data-element_type=\"widget\" data-widget_type=\"text-editor.default\">\n\t\t\t\t<div class=\"elementor-widget-container\">\n\t\t\t<style>\/*! elementor - v3.9.0 - 06-12-2022 *\/\n.elementor-widget-text-editor.elementor-drop-cap-view-stacked .elementor-drop-cap{background-color:#818a91;color:#fff}.elementor-widget-text-editor.elementor-drop-cap-view-framed .elementor-drop-cap{color:#818a91;border:3px solid;background-color:transparent}.elementor-widget-text-editor:not(.elementor-drop-cap-view-default) .elementor-drop-cap{margin-top:8px}.elementor-widget-text-editor:not(.elementor-drop-cap-view-default) .elementor-drop-cap-letter{width:1em;height:1em}.elementor-widget-text-editor .elementor-drop-cap{float:left;text-align:center;line-height:1;font-size:50px}.elementor-widget-text-editor .elementor-drop-cap-letter{display:inline-block}<\/style>\t\t\t\t<p><strong>SAROST S.A.<\/strong> est l\u2019une des plus importantes soci\u00e9t\u00e9s du Groupe. Elle a \u00e9t\u00e9 cr\u00e9\u00e9e en 1982 en tant qu\u2019entit\u00e9 publique, a \u00e9t\u00e9 privatis\u00e9e par le gouvernement tunisien en 1998, date \u00e0 laquelle la soci\u00e9t\u00e9 a \u00e9t\u00e9 rachet\u00e9e par le <strong>GROUPE TOUMI<\/strong> (66\u00a0%).<\/p>\n<p>Aujourd\u2019hui, l\u2019organisation a d\u00e9velopp\u00e9 et \u00e9largi son champ d\u2019int\u00e9r\u00eat gr\u00e2ce \u00e0 la cr\u00e9ation d\u2019organisations filiales, d\u00e9tenues \u00e0 100\u00a0% ou en partenariat avec des soci\u00e9t\u00e9s d\u2019exploitation internationales reconnues, et dispose de capacit\u00e9s dans les domaines d\u2019op\u00e9ration suivants:<\/p>\n<p>D\u00e9veloppement et exploitation des champs p\u00e9trolif\u00e8res<br \/>Services logistiques int\u00e9gr\u00e9s et gestion de la base terrestre<br \/>Plong\u00e9e et op\u00e9rations sous-marines<br \/>Propri\u00e9t\u00e9 et exploitation des navires de soutien extrac\u00f4tiers<br \/>Fourniture et entretien de tuyaux flexibles<br \/>Fourniture d\u2019\u00e9quipements hydrauliques (Industrie &amp; Agriculture &amp; Marine)<br \/>Entretien et remise \u00e0 neuf de l\u2019\u00e9quipement maritime et p\u00e9trolier industriel<\/p>\n\t\t\t\t\t\t<\/div>\n\t\t\t\t<\/div>\n\t\t\t\t\t<\/div>\n\t\t<\/div>\n\t\t\t\t<div class=\"elementor-column elementor-col-50 elementor-top-column elementor-element elementor-element-a2e627b\" data-id=\"a2e627b\" data-element_type=\"column\">\n\t\t\t<div class=\"elementor-widget-wrap elementor-element-populated\">\n\t\t\t\t\t\t\t\t<div class=\"elementor-element elementor-element-b8ebbb0 elementor-widget elementor-widget-image\" data-id=\"b8ebbb0\" data-element_type=\"widget\" data-widget_type=\"image.default\">\n\t\t\t\t<div class=\"elementor-widget-container\">\n\t\t\t<style>\/*! elementor - v3.9.0 - 06-12-2022 *\/\n.elementor-widget-image{text-align:center}.elementor-widget-image a{display:inline-block}.elementor-widget-image a img[src$=\".svg\"]{width:48px}.elementor-widget-image img{vertical-align:middle;display:inline-block}<\/style>\t\t\t\t\t\t\t\t\t\t\t\t<img decoding=\"async\" width=\"270\" height=\"250\" src=\"https:\/\/topicenergy.mediatd.com\/wp-content\/uploads\/2022\/12\/emblem-sarost-1.png\" class=\"attachment-large size-large wp-image-7670\" alt=\"logo sarost\" loading=\"lazy\" \/>\t\t\t\t\t\t\t\t\t\t\t\t\t\t\t<\/div>\n\t\t\t\t<\/div>\n\t\t\t\t\t<\/div>\n\t\t<\/div>\n\t\t\t\t\t\t\t<\/div>\n\t\t<\/section>\n\t\t\t\t<section class=\"elementor-section elementor-top-section elementor-element elementor-element-eb41cbc elementor-section-boxed elementor-section-height-default elementor-section-height-default elementor-invisible\" data-id=\"eb41cbc\" data-element_type=\"section\" data-settings=\"{&quot;animation&quot;:&quot;fadeInDown&quot;}\">\n\t\t\t\t\t\t<div class=\"elementor-container elementor-column-gap-default\">\n\t\t\t\t\t<div class=\"elementor-column elementor-col-100 elementor-top-column elementor-element elementor-element-7f40414\" data-id=\"7f40414\" data-element_type=\"column\">\n\t\t\t<div class=\"elementor-widget-wrap elementor-element-populated\">\n\t\t\t\t\t\t\t\t<div class=\"elementor-element elementor-element-ee87fb0 elementor-widget elementor-widget-text-editor\" data-id=\"ee87fb0\" data-element_type=\"widget\" data-widget_type=\"text-editor.default\">\n\t\t\t\t<div class=\"elementor-widget-container\">\n\t\t\t\t\t\t\t<p>Aujourd\u2019hui, <strong>SAROST S.A.<\/strong> figure parmi les entreprises les plus s\u00e9rieuses et qualifi\u00e9es dans le domaine du p\u00e9trole et du gaz et entretient de tr\u00e8s bonnes relations professionnelles avec les op\u00e9rateurs de l\u2019industrie p\u00e9troli\u00e8re et maritime tunisienne et internationale.<\/p>\n<p>Pour en savoir plus, visite\u00a0 <a href=\"http:\/\/sarost.com\/\" target=\"_blank\" rel=\"noopener\">www.sarost-group.com<\/a><\/p>\n\t\t\t\t\t\t<\/div>\n\t\t\t\t<\/div>\n\t\t\t\t\t<\/div>\n\t\t<\/div>\n\t\t\t\t\t\t\t<\/div>\n\t\t<\/section>\n\t\t\t\t\t\t\t<\/div>\n\t\t","protected":false},"excerpt":{"rendered":"<p>Pr\u00e9sentation SAROST SAROST S.A. est l\u2019une des plus importantes soci\u00e9t\u00e9s du Groupe. Elle a \u00e9t\u00e9 cr\u00e9\u00e9e en 1982 en tant qu\u2019entit\u00e9 publique, a \u00e9t\u00e9 privatis\u00e9e par le gouvernement tunisien en 1998, date \u00e0 laquelle la soci\u00e9t\u00e9 a \u00e9t\u00e9 rachet\u00e9e par le GROUPE TOUMI (66\u00a0%). Aujourd\u2019hui, l\u2019organisation a d\u00e9velopp\u00e9 et \u00e9largi son champ d\u2019int\u00e9r\u00eat gr\u00e2ce \u00e0<\/p>\n","protected":false},"author":1,"featured_media":0,"parent":0,"menu_order":0,"comment_status":"closed","ping_status":"closed","template":"","meta":[],"_links":{"self":[{"href":"https:\/\/topicenergy.mediatd.com\/fr\/wp-json\/wp\/v2\/pages\/8858"}],"collection":[{"href":"https:\/\/topicenergy.mediatd.com\/fr\/wp-json\/wp\/v2\/pages"}],"about":[{"href":"https:\/\/topicenergy.mediatd.com\/fr\/wp-json\/wp\/v2\/types\/page"}],"author":[{"embeddable":true,"href":"https:\/\/topicenergy.mediatd.com\/fr\/wp-json\/wp\/v2\/users\/1"}],"replies":[{"embeddable":true,"href":"https:\/\/topicenergy.mediatd.com\/fr\/wp-json\/wp\/v2\/comments?post=8858"}],"version-history":[{"count":5,"href":"https:\/\/topicenergy.mediatd.com\/fr\/wp-json\/wp\/v2\/pages\/8858\/revisions"}],"predecessor-version":[{"id":8865,"href":"https:\/\/topicenergy.mediatd.com\/fr\/wp-json\/wp\/v2\/pages\/8858\/revisions\/8865"}],"wp:attachment":[{"href":"https:\/\/topicenergy.mediatd.com\/fr\/wp-json\/wp\/v2\/media?parent=8858"}],"curies":[{"name":"wp","href":"https:\/\/api.w.org\/{rel}","templated":true}]}}