{"id":8848,"date":"2022-12-19T17:39:51","date_gmt":"2022-12-19T16:39:51","guid":{"rendered":"https:\/\/topicenergy.mediatd.com\/?page_id=8848"},"modified":"2022-12-19T17:44:29","modified_gmt":"2022-12-19T16:44:29","slug":"historique","status":"publish","type":"page","link":"https:\/\/topicenergy.mediatd.com\/fr\/historique\/","title":{"rendered":"Historique"},"content":{"rendered":"\t\t<div data-elementor-type=\"wp-page\" data-elementor-id=\"8848\" class=\"elementor elementor-8848\">\n\t\t\t\t\t\t\t\t\t<section class=\"elementor-section elementor-top-section elementor-element elementor-element-425a889 mobile_no_paddings elementor-section-boxed elementor-section-height-default elementor-section-height-default\" data-id=\"425a889\" data-element_type=\"section\" data-settings=\"{&quot;background_background&quot;:&quot;classic&quot;}\">\n\t\t\t\t\t\t\t<div class=\"elementor-background-overlay\"><\/div>\n\t\t\t\t\t\t\t<div class=\"elementor-container elementor-column-gap-default\">\n\t\t\t\t\t<div class=\"elementor-column elementor-col-100 elementor-top-column elementor-element elementor-element-0854458 mobile_no_paddings\" data-id=\"0854458\" data-element_type=\"column\" data-settings=\"{&quot;background_background&quot;:&quot;classic&quot;}\">\n\t\t\t<div class=\"elementor-widget-wrap elementor-element-populated\">\n\t\t\t\t\t\t\t\t<div class=\"elementor-element elementor-element-2d1aed4 elementor-widget elementor-widget-heading\" data-id=\"2d1aed4\" data-element_type=\"widget\" data-widget_type=\"heading.default\">\n\t\t\t\t<div class=\"elementor-widget-container\">\n\t\t\t<style>\/*! elementor - v3.9.0 - 06-12-2022 *\/\n.elementor-heading-title{padding:0;margin:0;line-height:1}.elementor-widget-heading .elementor-heading-title[class*=elementor-size-]>a{color:inherit;font-size:inherit;line-height:inherit}.elementor-widget-heading .elementor-heading-title.elementor-size-small{font-size:15px}.elementor-widget-heading .elementor-heading-title.elementor-size-medium{font-size:19px}.elementor-widget-heading .elementor-heading-title.elementor-size-large{font-size:29px}.elementor-widget-heading .elementor-heading-title.elementor-size-xl{font-size:39px}.elementor-widget-heading .elementor-heading-title.elementor-size-xxl{font-size:59px}<\/style><h2 class=\"elementor-heading-title elementor-size-default\">Historique<\/h2>\t\t<\/div>\n\t\t\t\t<\/div>\n\t\t\t\t\t<\/div>\n\t\t<\/div>\n\t\t\t\t\t\t\t<\/div>\n\t\t<\/section>\n\t\t\t\t<section class=\"elementor-section elementor-top-section elementor-element elementor-element-b762fdb elementor-section-boxed elementor-section-height-default elementor-section-height-default\" data-id=\"b762fdb\" data-element_type=\"section\">\n\t\t\t\t\t\t<div class=\"elementor-container elementor-column-gap-default\">\n\t\t\t\t\t<div class=\"elementor-column elementor-col-100 elementor-top-column elementor-element elementor-element-51425f2\" data-id=\"51425f2\" data-element_type=\"column\">\n\t\t\t<div class=\"elementor-widget-wrap elementor-element-populated\">\n\t\t\t\t\t\t\t\t<div class=\"elementor-element elementor-element-e3c92ee elementor-widget elementor-widget-text-editor\" data-id=\"e3c92ee\" data-element_type=\"widget\" data-widget_type=\"text-editor.default\">\n\t\t\t\t<div class=\"elementor-widget-container\">\n\t\t\t<style>\/*! elementor - v3.9.0 - 06-12-2022 *\/\n.elementor-widget-text-editor.elementor-drop-cap-view-stacked .elementor-drop-cap{background-color:#818a91;color:#fff}.elementor-widget-text-editor.elementor-drop-cap-view-framed .elementor-drop-cap{color:#818a91;border:3px solid;background-color:transparent}.elementor-widget-text-editor:not(.elementor-drop-cap-view-default) .elementor-drop-cap{margin-top:8px}.elementor-widget-text-editor:not(.elementor-drop-cap-view-default) .elementor-drop-cap-letter{width:1em;height:1em}.elementor-widget-text-editor .elementor-drop-cap{float:left;text-align:center;line-height:1;font-size:50px}.elementor-widget-text-editor .elementor-drop-cap-letter{display:inline-block}<\/style>\t\t\t\t\t\t\t\t\t\t<\/div>\n\t\t\t\t<\/div>\n\t\t\t\t\t<\/div>\n\t\t<\/div>\n\t\t\t\t\t\t\t<\/div>\n\t\t<\/section>\n\t\t\t\t<section class=\"elementor-section elementor-top-section elementor-element elementor-element-78f04c5 elementor-section-boxed elementor-section-height-default elementor-section-height-default\" data-id=\"78f04c5\" data-element_type=\"section\" data-settings=\"{&quot;background_background&quot;:&quot;classic&quot;}\">\n\t\t\t\t\t\t<div class=\"elementor-container elementor-column-gap-default\">\n\t\t\t\t\t<div class=\"elementor-column elementor-col-100 elementor-top-column elementor-element elementor-element-78f0a37 elementor-invisible\" data-id=\"78f0a37\" data-element_type=\"column\" data-settings=\"{&quot;animation&quot;:&quot;fadeInDown&quot;}\">\n\t\t\t<div class=\"elementor-widget-wrap elementor-element-populated\">\n\t\t\t\t\t\t\t\t<section class=\"elementor-section elementor-top-section elementor-element elementor-element-78f2e23 elementor-section-boxed elementor-section-height-default elementor-section-height-default\" data-id=\"78f2e23\" data-element_type=\"section\" data-settings=\"{&quot;background_background&quot;:&quot;classic&quot;}\">\n\t\t\t\t\t\t<div class=\"elementor-container elementor-column-gap-default\">\n\t\t\t\t\t<div class=\"elementor-column elementor-col-50 elementor-top-column elementor-element elementor-element-78f3221\" data-id=\"78f3221\" data-element_type=\"column\">\n\t\t\t<div class=\"elementor-widget-wrap elementor-element-populated\">\n\t\t\t\t\t\t\t\t<div class=\"elementor-element elementor-element-c03fe3d elementor-widget elementor-widget-image\" data-id=\"c03fe3d\" data-element_type=\"widget\" data-widget_type=\"image.default\">\n\t\t\t\t<div class=\"elementor-widget-container\">\n\t\t\t<style>\/*! elementor - v3.9.0 - 06-12-2022 *\/\n.elementor-widget-image{text-align:center}.elementor-widget-image a{display:inline-block}.elementor-widget-image a img[src$=\".svg\"]{width:48px}.elementor-widget-image img{vertical-align:middle;display:inline-block}<\/style>\t\t\t\t\t\t\t\t\t\t\t\t<img decoding=\"async\" width=\"100\" height=\"123\" src=\"https:\/\/topicenergy.mediatd.com\/wp-content\/uploads\/2022\/12\/lateToumi.jpg\" class=\"attachment-large size-large wp-image-7611\" alt=\"\" loading=\"lazy\" \/>\t\t\t\t\t\t\t\t\t\t\t\t\t\t\t<\/div>\n\t\t\t\t<\/div>\n\t\t\t\t\t<\/div>\n\t\t<\/div>\n\t\t\t\t<div class=\"elementor-column elementor-col-50 elementor-top-column elementor-element elementor-element-78f3d5c\" data-id=\"78f3d5c\" data-element_type=\"column\">\n\t\t\t<div class=\"elementor-widget-wrap elementor-element-populated\">\n\t\t\t\t\t\t\t\t<div class=\"elementor-element elementor-element-7900580 elementor-widget elementor-widget-text-editor\" data-id=\"7900580\" data-element_type=\"widget\" data-widget_type=\"text-editor.default\">\n\t\t\t\t<div class=\"elementor-widget-container\">\n\t\t\t\t\t\t\t<p><strong>Le GROUPE TOUMI,<\/strong> fond\u00e9 par le regrett\u00e9 Mohamed TOUMI, est un conglom\u00e9rat familial de petites et moyennes entreprises, \u00e9tabli en Tunisie, avec des int\u00e9r\u00eats tr\u00e8s divers allant de l\u2019exploitation des terres terrestres jusqu\u2019aux services de soutien des champs de p\u00e9trole offshore.<br \/>Originaire des \u00eeles Kerkennah, le regrett\u00e9 Mohamed TOUMI est un self made man qui a toujours \u00e9t\u00e9 familier avec les activit\u00e9s marines.<br \/>Apr\u00e8s avoir termin\u00e9 sa vie de salari\u00e9 en tant que dirigeant syndical des champs de sel de SFAX au d\u00e9but des ann\u00e9es 50, Feu Monsieur Mohamed TOUMI a commenc\u00e9 sa vie d\u2019homme d\u2019affaires comme un d\u00e9tecteur d\u2019\u00e9ponge ind\u00e9pendant sur un bateau de plong\u00e9e \u00e9ponge et est ensuite devenu propri\u00e9taire d\u2019un bateau de p\u00eache.<\/p>\n\t\t\t\t\t\t<\/div>\n\t\t\t\t<\/div>\n\t\t\t\t\t<\/div>\n\t\t<\/div>\n\t\t\t\t\t\t\t<\/div>\n\t\t<\/section>\n\t\t\t\t\t<\/div>\n\t\t<\/div>\n\t\t\t\t\t\t\t<\/div>\n\t\t<\/section>\n\t\t\t\t<section class=\"elementor-section elementor-top-section elementor-element elementor-element-01cea50 elementor-section-boxed elementor-section-height-default elementor-section-height-default elementor-invisible\" data-id=\"01cea50\" data-element_type=\"section\" data-settings=\"{&quot;animation&quot;:&quot;fadeInDown&quot;}\">\n\t\t\t\t\t\t<div class=\"elementor-container elementor-column-gap-default\">\n\t\t\t\t\t<div class=\"elementor-column elementor-col-50 elementor-top-column elementor-element elementor-element-2eb65bd\" data-id=\"2eb65bd\" data-element_type=\"column\">\n\t\t\t<div class=\"elementor-widget-wrap elementor-element-populated\">\n\t\t\t\t\t\t\t\t<div class=\"elementor-element elementor-element-b215a79 elementor-widget elementor-widget-text-editor\" data-id=\"b215a79\" data-element_type=\"widget\" data-widget_type=\"text-editor.default\">\n\t\t\t\t<div class=\"elementor-widget-container\">\n\t\t\t\t\t\t\t<p>Au cours des ann\u00e9es 1960, il a commenc\u00e9 toutes sortes de services maritimes allant du dragage au service d\u2019amarrage au terminal \u00ab\u00a0LA SKHIRA\u00a0\u00bb, de la p\u00eache \u00e0 la transformation du poisson (cong\u00e9lation, s\u00e9chage\u2026), de la plong\u00e9e \u00e0 la construction navale et de l\u2019arrimage \u00e0 l\u2019agence maritime.<\/p>\n<p>C\u2019est dans les ann\u00e9es 70 qu\u2019il a commenc\u00e9 \u00e0 structurer ses activit\u00e9s en soci\u00e9t\u00e9s pour b\u00e9n\u00e9ficier des incitatifs mis en place \u00e0 l\u2019\u00e9poque pour encourager l\u2019initiative priv\u00e9e et \u00e0 partir de ce moment-l\u00e0 ax\u00e9 sur trois grandes orientations\u00a0:<\/p>\n\t\t\t\t\t\t<\/div>\n\t\t\t\t<\/div>\n\t\t\t\t\t<\/div>\n\t\t<\/div>\n\t\t\t\t<div class=\"elementor-column elementor-col-50 elementor-top-column elementor-element elementor-element-a2e627b\" data-id=\"a2e627b\" data-element_type=\"column\">\n\t\t\t<div class=\"elementor-widget-wrap elementor-element-populated\">\n\t\t\t\t\t\t\t\t<div class=\"elementor-element elementor-element-b8ebbb0 elementor-widget elementor-widget-image\" data-id=\"b8ebbb0\" data-element_type=\"widget\" data-widget_type=\"image.default\">\n\t\t\t\t<div class=\"elementor-widget-container\">\n\t\t\t\t\t\t\t\t\t\t\t\t\t\t\t<img decoding=\"async\" width=\"200\" height=\"120\" src=\"https:\/\/topicenergy.mediatd.com\/wp-content\/uploads\/2022\/12\/TOUMI-group-overview-Histor.jpg\" class=\"attachment-large size-large wp-image-7612\" alt=\"Tunisian Offshore and onshore Petroleum and Industrial Contractors history\" loading=\"lazy\" \/>\t\t\t\t\t\t\t\t\t\t\t\t\t\t\t<\/div>\n\t\t\t\t<\/div>\n\t\t\t\t\t<\/div>\n\t\t<\/div>\n\t\t\t\t\t\t\t<\/div>\n\t\t<\/section>\n\t\t\t\t<section class=\"elementor-section elementor-top-section elementor-element elementor-element-0fe374f elementor-section-boxed elementor-section-height-default elementor-section-height-default\" data-id=\"0fe374f\" data-element_type=\"section\">\n\t\t\t\t\t\t<div class=\"elementor-container elementor-column-gap-default\">\n\t\t\t\t\t<div class=\"elementor-column elementor-col-100 elementor-top-column elementor-element elementor-element-a7084c3\" data-id=\"a7084c3\" data-element_type=\"column\">\n\t\t\t<div class=\"elementor-widget-wrap elementor-element-populated\">\n\t\t\t\t\t\t\t\t<div class=\"elementor-element elementor-element-a49747e elementor-widget elementor-widget-text-editor\" data-id=\"a49747e\" data-element_type=\"widget\" data-widget_type=\"text-editor.default\">\n\t\t\t\t<div class=\"elementor-widget-container\">\n\t\t\t\t\t\t\t\t\t\t\t\t\t<\/div>\n\t\t\t\t<\/div>\n\t\t\t\t\t<\/div>\n\t\t<\/div>\n\t\t\t\t\t\t\t<\/div>\n\t\t<\/section>\n\t\t\t\t<section class=\"elementor-section elementor-top-section elementor-element elementor-element-4bed0b1 elementor-section-boxed elementor-section-height-default elementor-section-height-default elementor-invisible\" data-id=\"4bed0b1\" data-element_type=\"section\" data-settings=\"{&quot;animation&quot;:&quot;fadeInDown&quot;}\">\n\t\t\t\t\t\t<div class=\"elementor-container elementor-column-gap-default\">\n\t\t\t\t\t<div class=\"elementor-column elementor-col-100 elementor-top-column elementor-element elementor-element-793722d\" data-id=\"793722d\" data-element_type=\"column\">\n\t\t\t<div class=\"elementor-widget-wrap elementor-element-populated\">\n\t\t\t\t\t\t\t\t<div class=\"elementor-element elementor-element-b3302e6 elementor-widget elementor-widget-text-editor\" data-id=\"b3302e6\" data-element_type=\"widget\" data-widget_type=\"text-editor.default\">\n\t\t\t\t<div class=\"elementor-widget-container\">\n\t\t\t\t\t\t\t<table>\n<tbody>\n<tr>\n<td>\n<h4>Secteur<\/h4>\n<\/td>\n<td><strong>Soci\u00e9t\u00e9\u00a0<\/strong><\/td>\n<\/tr>\n<tr>\n<td>P\u00eache et transformation du poisson<\/td>\n<td>\u2022 Calembo\u00a0<br \/>\u2022 COPROMA\u00a0<br \/>\u2022 PCBM<br \/>\u2022 SOSEPA *<br \/>\u2022 Flotte de p\u00eache de 5 bateaux en moyenne<\/td>\n<\/tr>\n<tr>\n<td>Construction m\u00e9tallique<br \/>Construction navale<br \/>Services d\u2019\u00e9quipement de chantier aux industries de l\u2019\u00e9nergie et de la chimie<\/td>\n<td>\u2022 SACNA *<br \/>\u2022 COREMAR *<br \/>\u2022 SOTRIM<\/td>\n<\/tr>\n<tr>\n<td>Gestion de portefeuille et diversification des placements<br \/>(&lt;= 30% d\u2019int\u00e9r\u00eat)<\/td>\n<td>\u2022 SORITS (D\u00e9veloppement immobilier)<br \/>\u2022 SORIMEX (commerce du d\u00e9tail et des trous)<br \/>\u2022 Autres petits investissements<\/td>\n<\/tr>\n<\/tbody>\n<\/table>\n\t\t\t\t\t\t<\/div>\n\t\t\t\t<\/div>\n\t\t\t\t\t<\/div>\n\t\t<\/div>\n\t\t\t\t\t\t\t<\/div>\n\t\t<\/section>\n\t\t\t\t<section class=\"elementor-section elementor-top-section elementor-element elementor-element-eb41cbc elementor-section-boxed elementor-section-height-default elementor-section-height-default elementor-invisible\" data-id=\"eb41cbc\" data-element_type=\"section\" data-settings=\"{&quot;animation&quot;:&quot;fadeInDown&quot;}\">\n\t\t\t\t\t\t<div class=\"elementor-container elementor-column-gap-default\">\n\t\t\t\t\t<div class=\"elementor-column elementor-col-100 elementor-top-column elementor-element elementor-element-7f40414\" data-id=\"7f40414\" data-element_type=\"column\">\n\t\t\t<div class=\"elementor-widget-wrap elementor-element-populated\">\n\t\t\t\t\t\t\t\t<div class=\"elementor-element elementor-element-ee87fb0 elementor-widget elementor-widget-text-editor\" data-id=\"ee87fb0\" data-element_type=\"widget\" data-widget_type=\"text-editor.default\">\n\t\t\t\t<div class=\"elementor-widget-container\">\n\t\t\t\t\t\t\t<p>Entre le milieu des ann\u00e9es 80 et le milieu des ann\u00e9es 90, feu <strong>Mohamed TOUMI<\/strong> s\u2019est concentr\u00e9 sur le d\u00e9veloppement des entreprises familiales \u00e0 100% PCBM (Produits congel\u00e9s du bassin M\u00e9diterran\u00e9e) et SOTRIM (Soci\u00e9t\u00e9 des travaux et de manutention).<\/p>\n<p>Comme beaucoup d\u2019autres entreprises familiales sous la pression de la petitesse du march\u00e9 tunisien et des incitations au r\u00e9investissement par la cr\u00e9ation de nouvelles entreprises d\u00e9di\u00e9es, et avec leurs employ\u00e9s hautement sp\u00e9cialis\u00e9s et qualifi\u00e9s, la diversification mondiale, force financi\u00e8re et efficacit\u00e9 op\u00e9rationnelle <strong>TOUMI GROUP<\/strong> est devenu un conglom\u00e9rat de petites et moyennes entreprises articul\u00e9es autour des principales connaissances de base <strong>MARINE &amp; ENERGY SERVICES.<\/strong><\/p>\n<p>Pour soutenir le d\u00e9veloppement de l\u2019entreprise dans le secteur Oil &amp; Gas, cr\u00e9er plus d\u2019opportunit\u00e9s et g\u00e9rer correctement ces int\u00e9r\u00eats, la famille a acquis des int\u00e9r\u00eats majoritaires dans <strong>SAROST S.A.<\/strong> lors de sa privatisation en 1998.<\/p>\n\t\t\t\t\t\t<\/div>\n\t\t\t\t<\/div>\n\t\t\t\t\t<\/div>\n\t\t<\/div>\n\t\t\t\t\t\t\t<\/div>\n\t\t<\/section>\n\t\t\t\t\t\t\t<\/div>\n\t\t","protected":false},"excerpt":{"rendered":"<p>Historique Le GROUPE TOUMI, fond\u00e9 par le regrett\u00e9 Mohamed TOUMI, est un conglom\u00e9rat familial de petites et moyennes entreprises, \u00e9tabli en Tunisie, avec des int\u00e9r\u00eats tr\u00e8s divers allant de l\u2019exploitation des terres terrestres jusqu\u2019aux services de soutien des champs de p\u00e9trole offshore.Originaire des \u00eeles Kerkennah, le regrett\u00e9 Mohamed TOUMI est un self made man qui<\/p>\n","protected":false},"author":1,"featured_media":0,"parent":0,"menu_order":0,"comment_status":"closed","ping_status":"closed","template":"","meta":[],"_links":{"self":[{"href":"https:\/\/topicenergy.mediatd.com\/fr\/wp-json\/wp\/v2\/pages\/8848"}],"collection":[{"href":"https:\/\/topicenergy.mediatd.com\/fr\/wp-json\/wp\/v2\/pages"}],"about":[{"href":"https:\/\/topicenergy.mediatd.com\/fr\/wp-json\/wp\/v2\/types\/page"}],"author":[{"embeddable":true,"href":"https:\/\/topicenergy.mediatd.com\/fr\/wp-json\/wp\/v2\/users\/1"}],"replies":[{"embeddable":true,"href":"https:\/\/topicenergy.mediatd.com\/fr\/wp-json\/wp\/v2\/comments?post=8848"}],"version-history":[{"count":6,"href":"https:\/\/topicenergy.mediatd.com\/fr\/wp-json\/wp\/v2\/pages\/8848\/revisions"}],"predecessor-version":[{"id":8857,"href":"https:\/\/topicenergy.mediatd.com\/fr\/wp-json\/wp\/v2\/pages\/8848\/revisions\/8857"}],"wp:attachment":[{"href":"https:\/\/topicenergy.mediatd.com\/fr\/wp-json\/wp\/v2\/media?parent=8848"}],"curies":[{"name":"wp","href":"https:\/\/api.w.org\/{rel}","templated":true}]}}