{"id":8828,"date":"2022-12-19T17:22:45","date_gmt":"2022-12-19T16:22:45","guid":{"rendered":"https:\/\/topicenergy.mediatd.com\/?page_id=8828"},"modified":"2022-12-19T17:26:13","modified_gmt":"2022-12-19T16:26:13","slug":"management","status":"publish","type":"page","link":"https:\/\/topicenergy.mediatd.com\/fr\/management\/","title":{"rendered":"Management"},"content":{"rendered":"\t\t<div data-elementor-type=\"wp-page\" data-elementor-id=\"8828\" class=\"elementor elementor-8828\">\n\t\t\t\t\t\t\t\t\t<section class=\"elementor-section elementor-top-section elementor-element elementor-element-d40b129 mobile_no_paddings elementor-section-boxed elementor-section-height-default elementor-section-height-default\" data-id=\"d40b129\" data-element_type=\"section\" data-settings=\"{&quot;background_background&quot;:&quot;classic&quot;}\">\n\t\t\t\t\t\t\t<div class=\"elementor-background-overlay\"><\/div>\n\t\t\t\t\t\t\t<div class=\"elementor-container elementor-column-gap-default\">\n\t\t\t\t\t<div class=\"elementor-column elementor-col-100 elementor-top-column elementor-element elementor-element-83f5266 mobile_no_paddings\" data-id=\"83f5266\" data-element_type=\"column\" data-settings=\"{&quot;background_background&quot;:&quot;classic&quot;}\">\n\t\t\t<div class=\"elementor-widget-wrap elementor-element-populated\">\n\t\t\t\t\t\t\t\t<div class=\"elementor-element elementor-element-b5c14db elementor-widget elementor-widget-heading\" data-id=\"b5c14db\" data-element_type=\"widget\" data-widget_type=\"heading.default\">\n\t\t\t\t<div class=\"elementor-widget-container\">\n\t\t\t<style>\/*! elementor - v3.9.0 - 06-12-2022 *\/\n.elementor-heading-title{padding:0;margin:0;line-height:1}.elementor-widget-heading .elementor-heading-title[class*=elementor-size-]>a{color:inherit;font-size:inherit;line-height:inherit}.elementor-widget-heading .elementor-heading-title.elementor-size-small{font-size:15px}.elementor-widget-heading .elementor-heading-title.elementor-size-medium{font-size:19px}.elementor-widget-heading .elementor-heading-title.elementor-size-large{font-size:29px}.elementor-widget-heading .elementor-heading-title.elementor-size-xl{font-size:39px}.elementor-widget-heading .elementor-heading-title.elementor-size-xxl{font-size:59px}<\/style><h2 class=\"elementor-heading-title elementor-size-default\">Management<\/h2>\t\t<\/div>\n\t\t\t\t<\/div>\n\t\t\t\t\t<\/div>\n\t\t<\/div>\n\t\t\t\t\t\t\t<\/div>\n\t\t<\/section>\n\t\t\t\t<section class=\"elementor-section elementor-top-section elementor-element elementor-element-83e6924 elementor-section-boxed elementor-section-height-default elementor-section-height-default\" data-id=\"83e6924\" data-element_type=\"section\" data-settings=\"{&quot;background_background&quot;:&quot;classic&quot;}\">\n\t\t\t\t\t\t<div class=\"elementor-container elementor-column-gap-default\">\n\t\t\t\t\t<div class=\"elementor-column elementor-col-50 elementor-top-column elementor-element elementor-element-83e715b\" data-id=\"83e715b\" data-element_type=\"column\">\n\t\t\t<div class=\"elementor-widget-wrap elementor-element-populated\">\n\t\t\t\t\t\t\t\t<div class=\"elementor-element elementor-element-83e78e4 elementor-invisible elementor-widget elementor-widget-text-editor\" data-id=\"83e78e4\" data-element_type=\"widget\" data-settings=\"{&quot;_animation&quot;:&quot;fadeInLeft&quot;}\" data-widget_type=\"text-editor.default\">\n\t\t\t\t<div class=\"elementor-widget-container\">\n\t\t\t<style>\/*! elementor - v3.9.0 - 06-12-2022 *\/\n.elementor-widget-text-editor.elementor-drop-cap-view-stacked .elementor-drop-cap{background-color:#818a91;color:#fff}.elementor-widget-text-editor.elementor-drop-cap-view-framed .elementor-drop-cap{color:#818a91;border:3px solid;background-color:transparent}.elementor-widget-text-editor:not(.elementor-drop-cap-view-default) .elementor-drop-cap{margin-top:8px}.elementor-widget-text-editor:not(.elementor-drop-cap-view-default) .elementor-drop-cap-letter{width:1em;height:1em}.elementor-widget-text-editor .elementor-drop-cap{float:left;text-align:center;line-height:1;font-size:50px}.elementor-widget-text-editor .elementor-drop-cap-letter{display:inline-block}<\/style>\t\t\t\t<p>En tant que soci\u00e9t\u00e9 \u00e9nerg\u00e9tique comp\u00e9tente, <strong>TOPIC<\/strong> reconna\u00eet qu\u2019elle doit faire preuve de comp\u00e9tence en gestion et d\u2019int\u00e9grit\u00e9 du syst\u00e8me de gestion \u00e0 un niveau qui atteint l\u2019excellence. En cons\u00e9quence, la direction de la soci\u00e9t\u00e9 comprend des professionnels hautement qualifi\u00e9s, d\u00e9tenant des dipl\u00f4mes universitaires de haut niveau avec une solide exp\u00e9rience le plus souvent acquise avec les grandes soci\u00e9t\u00e9s p\u00e9troli\u00e8res et gazi\u00e8res internationales.<br \/><strong>TOPIC<\/strong> a un acc\u00e8s illimit\u00e9 aux soci\u00e9t\u00e9s s\u0153urs du Groupe qui ont la capacit\u00e9 de r\u00e9pondre aux normes de s\u00e9curit\u00e9 et d\u2019ing\u00e9nierie reconnues.<br \/><strong>TOPIC<\/strong> a adopt\u00e9 les principes g\u00e9n\u00e9riques de gouvernance d\u2019entreprise que sont la responsabilit\u00e9, la responsabilit\u00e9, la transparence et l\u2019\u00e9quit\u00e9. L\u2019objectif est de maintenir la confiance des investisseurs, de promouvoir la comp\u00e9titivit\u00e9 et, en fin de compte, de soutenir la croissance \u00e9conomique.<br \/>L\u2019\u00e9quipe de direction d\u00e9pend principalement des fondateurs eux-m\u00eames avec le soutien et l\u2019aide d\u2019un personnel cl\u00e9 exp\u00e9riment\u00e9 capable d\u2019externaliser les services requis dans la mesure maximale.<br \/>L\u2019approche de gestion vise \u00e0 renforcer le sentiment d\u2019appartenance \u00e0 une grande famille, \u00e0 promouvoir au sein de l\u2019entreprise, \u00e0 encourager la participation et la cr\u00e9ativit\u00e9, \u00e0 motiver le personnel et \u00e0 faire en sorte que les connaissances et les comp\u00e9tences du personnel augmentent.<\/p>\n\t\t\t\t\t\t<\/div>\n\t\t\t\t<\/div>\n\t\t\t\t\t<\/div>\n\t\t<\/div>\n\t\t\t\t<div class=\"elementor-column elementor-col-50 elementor-top-column elementor-element elementor-element-9846729\" data-id=\"9846729\" data-element_type=\"column\">\n\t\t\t<div class=\"elementor-widget-wrap elementor-element-populated\">\n\t\t\t\t\t\t\t\t<div class=\"elementor-element elementor-element-7091135 elementor-invisible elementor-widget elementor-widget-image\" data-id=\"7091135\" data-element_type=\"widget\" data-settings=\"{&quot;_animation&quot;:&quot;fadeInRight&quot;}\" data-widget_type=\"image.default\">\n\t\t\t\t<div class=\"elementor-widget-container\">\n\t\t\t<style>\/*! elementor - v3.9.0 - 06-12-2022 *\/\n.elementor-widget-image{text-align:center}.elementor-widget-image a{display:inline-block}.elementor-widget-image a img[src$=\".svg\"]{width:48px}.elementor-widget-image img{vertical-align:middle;display:inline-block}<\/style>\t\t\t\t\t\t\t\t\t\t\t\t<img decoding=\"async\" width=\"200\" height=\"300\" src=\"https:\/\/topicenergy.mediatd.com\/wp-content\/uploads\/2022\/12\/Management1.jpg\" class=\"attachment-large size-large wp-image-7375\" alt=\"Tunisian Offshore and onshore Petroleum and Industrial Contractors\" loading=\"lazy\" \/>\t\t\t\t\t\t\t\t\t\t\t\t\t\t\t<\/div>\n\t\t\t\t<\/div>\n\t\t\t\t\t<\/div>\n\t\t<\/div>\n\t\t\t\t\t\t\t<\/div>\n\t\t<\/section>\n\t\t\t\t\t\t\t<\/div>\n\t\t","protected":false},"excerpt":{"rendered":"<p>Management En tant que soci\u00e9t\u00e9 \u00e9nerg\u00e9tique comp\u00e9tente, TOPIC reconna\u00eet qu\u2019elle doit faire preuve de comp\u00e9tence en gestion et d\u2019int\u00e9grit\u00e9 du syst\u00e8me de gestion \u00e0 un niveau qui atteint l\u2019excellence. En cons\u00e9quence, la direction de la soci\u00e9t\u00e9 comprend des professionnels hautement qualifi\u00e9s, d\u00e9tenant des dipl\u00f4mes universitaires de haut niveau avec une solide exp\u00e9rience le plus souvent<\/p>\n","protected":false},"author":1,"featured_media":0,"parent":0,"menu_order":0,"comment_status":"closed","ping_status":"closed","template":"","meta":[],"_links":{"self":[{"href":"https:\/\/topicenergy.mediatd.com\/fr\/wp-json\/wp\/v2\/pages\/8828"}],"collection":[{"href":"https:\/\/topicenergy.mediatd.com\/fr\/wp-json\/wp\/v2\/pages"}],"about":[{"href":"https:\/\/topicenergy.mediatd.com\/fr\/wp-json\/wp\/v2\/types\/page"}],"author":[{"embeddable":true,"href":"https:\/\/topicenergy.mediatd.com\/fr\/wp-json\/wp\/v2\/users\/1"}],"replies":[{"embeddable":true,"href":"https:\/\/topicenergy.mediatd.com\/fr\/wp-json\/wp\/v2\/comments?post=8828"}],"version-history":[{"count":6,"href":"https:\/\/topicenergy.mediatd.com\/fr\/wp-json\/wp\/v2\/pages\/8828\/revisions"}],"predecessor-version":[{"id":8835,"href":"https:\/\/topicenergy.mediatd.com\/fr\/wp-json\/wp\/v2\/pages\/8828\/revisions\/8835"}],"wp:attachment":[{"href":"https:\/\/topicenergy.mediatd.com\/fr\/wp-json\/wp\/v2\/media?parent=8828"}],"curies":[{"name":"wp","href":"https:\/\/api.w.org\/{rel}","templated":true}]}}