{"id":8813,"date":"2022-12-19T17:17:37","date_gmt":"2022-12-19T16:17:37","guid":{"rendered":"https:\/\/topicenergy.mediatd.com\/?page_id=8813"},"modified":"2022-12-27T10:47:03","modified_gmt":"2022-12-27T09:47:03","slug":"historique-de-lentreprise","status":"publish","type":"page","link":"https:\/\/topicenergy.mediatd.com\/fr\/presentation\/historique-de-lentreprise\/","title":{"rendered":"HISTORIQUE DE L&#8217;ENTREPRISE"},"content":{"rendered":"\t\t<div data-elementor-type=\"wp-page\" data-elementor-id=\"8813\" class=\"elementor elementor-8813\">\n\t\t\t\t\t\t\t\t\t<section class=\"elementor-section elementor-top-section elementor-element elementor-element-c8d14a0 mobile_no_paddings elementor-section-boxed elementor-section-height-default elementor-section-height-default\" data-id=\"c8d14a0\" data-element_type=\"section\" data-settings=\"{&quot;background_background&quot;:&quot;classic&quot;}\">\n\t\t\t\t\t\t\t<div class=\"elementor-background-overlay\"><\/div>\n\t\t\t\t\t\t\t<div class=\"elementor-container elementor-column-gap-default\">\n\t\t\t\t\t<div class=\"elementor-column elementor-col-100 elementor-top-column elementor-element elementor-element-644e486 mobile_no_paddings\" data-id=\"644e486\" data-element_type=\"column\" data-settings=\"{&quot;background_background&quot;:&quot;classic&quot;}\">\n\t\t\t<div class=\"elementor-widget-wrap elementor-element-populated\">\n\t\t\t\t\t\t\t\t<div class=\"elementor-element elementor-element-377dede elementor-widget elementor-widget-heading\" data-id=\"377dede\" data-element_type=\"widget\" data-widget_type=\"heading.default\">\n\t\t\t\t<div class=\"elementor-widget-container\">\n\t\t\t<style>\/*! elementor - v3.9.0 - 06-12-2022 *\/\n.elementor-heading-title{padding:0;margin:0;line-height:1}.elementor-widget-heading .elementor-heading-title[class*=elementor-size-]>a{color:inherit;font-size:inherit;line-height:inherit}.elementor-widget-heading .elementor-heading-title.elementor-size-small{font-size:15px}.elementor-widget-heading .elementor-heading-title.elementor-size-medium{font-size:19px}.elementor-widget-heading .elementor-heading-title.elementor-size-large{font-size:29px}.elementor-widget-heading .elementor-heading-title.elementor-size-xl{font-size:39px}.elementor-widget-heading .elementor-heading-title.elementor-size-xxl{font-size:59px}<\/style><h2 class=\"elementor-heading-title elementor-size-default\">HISTORIQUE DE L'ENTREPRISE<\/h2>\t\t<\/div>\n\t\t\t\t<\/div>\n\t\t\t\t\t<\/div>\n\t\t<\/div>\n\t\t\t\t\t\t\t<\/div>\n\t\t<\/section>\n\t\t\t\t<section class=\"elementor-section elementor-top-section elementor-element elementor-element-6f42580 elementor-section-boxed elementor-section-height-default elementor-section-height-default\" data-id=\"6f42580\" data-element_type=\"section\">\n\t\t\t\t\t\t<div class=\"elementor-container elementor-column-gap-default\">\n\t\t\t\t\t<div class=\"elementor-column elementor-col-100 elementor-top-column elementor-element elementor-element-939954e\" data-id=\"939954e\" data-element_type=\"column\">\n\t\t\t<div class=\"elementor-widget-wrap\">\n\t\t\t\t\t\t\t\t\t<\/div>\n\t\t<\/div>\n\t\t\t\t\t\t\t<\/div>\n\t\t<\/section>\n\t\t\t\t<section class=\"elementor-section elementor-top-section elementor-element elementor-element-118cc0e elementor-section-boxed elementor-section-height-default elementor-section-height-default\" data-id=\"118cc0e\" data-element_type=\"section\">\n\t\t\t\t\t\t<div class=\"elementor-container elementor-column-gap-default\">\n\t\t\t\t\t<div class=\"elementor-column elementor-col-66 elementor-top-column elementor-element elementor-element-ab4368f\" data-id=\"ab4368f\" data-element_type=\"column\">\n\t\t\t<div class=\"elementor-widget-wrap elementor-element-populated\">\n\t\t\t\t\t\t\t\t<div class=\"elementor-element elementor-element-23d5af3 elementor-invisible elementor-widget elementor-widget-text-editor\" data-id=\"23d5af3\" data-element_type=\"widget\" data-settings=\"{&quot;_animation&quot;:&quot;fadeInLeft&quot;}\" data-widget_type=\"text-editor.default\">\n\t\t\t\t<div class=\"elementor-widget-container\">\n\t\t\t<style>\/*! elementor - v3.9.0 - 06-12-2022 *\/\n.elementor-widget-text-editor.elementor-drop-cap-view-stacked .elementor-drop-cap{background-color:#818a91;color:#fff}.elementor-widget-text-editor.elementor-drop-cap-view-framed .elementor-drop-cap{color:#818a91;border:3px solid;background-color:transparent}.elementor-widget-text-editor:not(.elementor-drop-cap-view-default) .elementor-drop-cap{margin-top:8px}.elementor-widget-text-editor:not(.elementor-drop-cap-view-default) .elementor-drop-cap-letter{width:1em;height:1em}.elementor-widget-text-editor .elementor-drop-cap{float:left;text-align:center;line-height:1;font-size:50px}.elementor-widget-text-editor .elementor-drop-cap-letter{display:inline-block}<\/style>\t\t\t\t<p align=\"justify\">TOPIC a \u00e9t\u00e9 incorpor\u00e9 en f\u00e9vrier\u00a02000 en tant que coentreprise entre TOUMI GROUP et deux professionnels sous le nom commercial de Tunisian Offshore et onshore Petroleum and Industrial Contractors S.A avec un capital de 0,4\u00a0million de TND.<br \/>La soci\u00e9t\u00e9 a \u00e9t\u00e9 cr\u00e9\u00e9e dans le contexte d\u2019un rebond tr\u00e8s probable \u00e0 long terme des prix du p\u00e9trole. Elle a \u00e9t\u00e9 d\u00e9sign\u00e9e comme un positionnement dans les activit\u00e9s de passation de march\u00e9s O&amp;G en amont et plus sp\u00e9cifiquement le d\u00e9veloppement de champs marginaux appartenant \u00e0 d\u2019autres.<br \/>En 2001, TOPIC a acquis une participation de 15\u00a0% (30\u00a0% de participation active) dans le bloc d\u2019exploration terrestre \u00ab\u00a0JELMA\u00a0\u00bb exploit\u00e9 par \u00ab\u00a0HYDROCARBURES TUNISIE CORPORATION\u00a0\u00bb, une soci\u00e9t\u00e9 affili\u00e9e de la soci\u00e9t\u00e9 su\u00e9doise E&amp;P Company PA Resources (d\u00e9tenant une participation de 35\u00a0%).<br \/>Les 50% restants dans le bloc sont d\u00e9tenus par la soci\u00e9t\u00e9 National Oil and Gas ETAP. En novembre\u00a02002, le capital a \u00e9t\u00e9 augment\u00e9 pour atteindre 1\u00a0million de TND<\/p>\n\t\t\t\t\t\t<\/div>\n\t\t\t\t<\/div>\n\t\t\t\t\t<\/div>\n\t\t<\/div>\n\t\t\t\t<div class=\"elementor-column elementor-col-33 elementor-top-column elementor-element elementor-element-f700b92\" data-id=\"f700b92\" data-element_type=\"column\">\n\t\t\t<div class=\"elementor-widget-wrap elementor-element-populated\">\n\t\t\t\t\t\t\t\t<div class=\"elementor-element elementor-element-19e8a70 elementor-invisible elementor-widget elementor-widget-image\" data-id=\"19e8a70\" data-element_type=\"widget\" data-settings=\"{&quot;_animation&quot;:&quot;fadeInRight&quot;}\" data-widget_type=\"image.default\">\n\t\t\t\t<div class=\"elementor-widget-container\">\n\t\t\t<style>\/*! elementor - v3.9.0 - 06-12-2022 *\/\n.elementor-widget-image{text-align:center}.elementor-widget-image a{display:inline-block}.elementor-widget-image a img[src$=\".svg\"]{width:48px}.elementor-widget-image img{vertical-align:middle;display:inline-block}<\/style>\t\t\t\t\t\t\t\t\t\t\t\t<img decoding=\"async\" width=\"1000\" height=\"562\" src=\"https:\/\/topicenergy.mediatd.com\/wp-content\/uploads\/2022\/12\/1-ex.jpg\" class=\"attachment-large size-large wp-image-7660\" alt=\"Tunisian Offshore and onshore Petroleum and Industrial Contractors\" loading=\"lazy\" srcset=\"https:\/\/topicenergy.mediatd.com\/wp-content\/uploads\/2022\/12\/1-ex.jpg 1000w, https:\/\/topicenergy.mediatd.com\/wp-content\/uploads\/2022\/12\/1-ex-600x337.jpg 600w, https:\/\/topicenergy.mediatd.com\/wp-content\/uploads\/2022\/12\/1-ex-300x169.jpg 300w, https:\/\/topicenergy.mediatd.com\/wp-content\/uploads\/2022\/12\/1-ex-768x432.jpg 768w, https:\/\/topicenergy.mediatd.com\/wp-content\/uploads\/2022\/12\/1-ex-900x506.jpg 900w\" sizes=\"(max-width: 1000px) 100vw, 1000px\" \/>\t\t\t\t\t\t\t\t\t\t\t\t\t\t\t<\/div>\n\t\t\t\t<\/div>\n\t\t\t\t\t<\/div>\n\t\t<\/div>\n\t\t\t\t\t\t\t<\/div>\n\t\t<\/section>\n\t\t\t\t<section class=\"elementor-section elementor-top-section elementor-element elementor-element-cb29e5d elementor-section-boxed elementor-section-height-default elementor-section-height-default\" data-id=\"cb29e5d\" data-element_type=\"section\">\n\t\t\t\t\t\t<div class=\"elementor-container elementor-column-gap-default\">\n\t\t\t\t\t<div class=\"elementor-column elementor-col-33 elementor-top-column elementor-element elementor-element-91d07ff\" data-id=\"91d07ff\" data-element_type=\"column\">\n\t\t\t<div class=\"elementor-widget-wrap elementor-element-populated\">\n\t\t\t\t\t\t\t\t<div class=\"elementor-element elementor-element-b63d850 elementor-invisible elementor-widget elementor-widget-image\" data-id=\"b63d850\" data-element_type=\"widget\" data-settings=\"{&quot;_animation&quot;:&quot;fadeInLeft&quot;}\" data-widget_type=\"image.default\">\n\t\t\t\t<div class=\"elementor-widget-container\">\n\t\t\t\t\t\t\t\t\t\t\t\t\t\t\t<img decoding=\"async\" width=\"1000\" height=\"562\" src=\"https:\/\/topicenergy.mediatd.com\/wp-content\/uploads\/2022\/12\/2-ex.jpg\" class=\"attachment-large size-large wp-image-7658\" alt=\"Tunisian Offshore and onshore Petroleum and Industrial Contractors\" loading=\"lazy\" srcset=\"https:\/\/topicenergy.mediatd.com\/wp-content\/uploads\/2022\/12\/2-ex.jpg 1000w, https:\/\/topicenergy.mediatd.com\/wp-content\/uploads\/2022\/12\/2-ex-600x337.jpg 600w, https:\/\/topicenergy.mediatd.com\/wp-content\/uploads\/2022\/12\/2-ex-300x169.jpg 300w, https:\/\/topicenergy.mediatd.com\/wp-content\/uploads\/2022\/12\/2-ex-768x432.jpg 768w, https:\/\/topicenergy.mediatd.com\/wp-content\/uploads\/2022\/12\/2-ex-900x506.jpg 900w\" sizes=\"(max-width: 1000px) 100vw, 1000px\" \/>\t\t\t\t\t\t\t\t\t\t\t\t\t\t\t<\/div>\n\t\t\t\t<\/div>\n\t\t\t\t\t<\/div>\n\t\t<\/div>\n\t\t\t\t<div class=\"elementor-column elementor-col-66 elementor-top-column elementor-element elementor-element-664c23b\" data-id=\"664c23b\" data-element_type=\"column\">\n\t\t\t<div class=\"elementor-widget-wrap elementor-element-populated\">\n\t\t\t\t\t\t\t\t<div class=\"elementor-element elementor-element-2b93926 elementor-invisible elementor-widget elementor-widget-text-editor\" data-id=\"2b93926\" data-element_type=\"widget\" data-settings=\"{&quot;_animation&quot;:&quot;fadeInRight&quot;}\" data-widget_type=\"text-editor.default\">\n\t\t\t\t<div class=\"elementor-widget-container\">\n\t\t\t\t\t\t\t<p>En juin\u00a02005, le capital de la soci\u00e9t\u00e9 a \u00e9t\u00e9 port\u00e9 \u00e0 1455\u00a0millions de TND.<\/p>\n<p>\u00c0 la fin de 2005, TOPIC a sign\u00e9 avec OMV un contrat de vente et d\u2019achat li\u00e9 \u00e0 l\u2019acquisition des 100 % de participation d\u2019OMV dans la concession offshore \u00ab HALK EL MENZEL \u00bb. La transaction a \u00e9t\u00e9 approuv\u00e9e par l\u2019autorit\u00e9 de d\u00e9livrance des licences (DGE) \u00e0 la mi-juillet 2006, et la d\u00e9cision du ministre a \u00e9t\u00e9 publi\u00e9e au journal officiel de la r\u00e9publique fin septembre 2006.<\/p>\n\t\t\t\t\t\t<\/div>\n\t\t\t\t<\/div>\n\t\t\t\t\t<\/div>\n\t\t<\/div>\n\t\t\t\t\t\t\t<\/div>\n\t\t<\/section>\n\t\t\t\t<section class=\"elementor-section elementor-top-section elementor-element elementor-element-08e0824 elementor-section-boxed elementor-section-height-default elementor-section-height-default\" data-id=\"08e0824\" data-element_type=\"section\">\n\t\t\t\t\t\t<div class=\"elementor-container elementor-column-gap-default\">\n\t\t\t\t\t<div class=\"elementor-column elementor-col-66 elementor-top-column elementor-element elementor-element-28f8198\" data-id=\"28f8198\" data-element_type=\"column\">\n\t\t\t<div class=\"elementor-widget-wrap elementor-element-populated\">\n\t\t\t\t\t\t\t\t<div class=\"elementor-element elementor-element-7936c30 elementor-invisible elementor-widget elementor-widget-text-editor\" data-id=\"7936c30\" data-element_type=\"widget\" data-settings=\"{&quot;_animation&quot;:&quot;fadeInLeft&quot;}\" data-widget_type=\"text-editor.default\">\n\t\t\t\t<div class=\"elementor-widget-container\">\n\t\t\t\t\t\t\t<p>Apr\u00e8s l\u2019acquisition de la totalit\u00e9 des participations dans la concession de \u00ab\u00a0HALK EL MENZEL\u00a0\u00bb et en juillet\u00a02006, une troisi\u00e8me augmentation du capital a \u00e9t\u00e9 d\u00e9cid\u00e9e pour atteindre le montant de 7 455\u00a0millions de TND. A la fin de l\u2019ann\u00e9e 2007, TOPIC s\u2019est vu accorder 50% d\u2019int\u00e9r\u00eat (100% d\u2019int\u00e9r\u00eat de travail) dans le bloc de prospection onshore \u00ab\u00a0DOULEB WEST\u00a0\u00bb. Les 50% restants dans le bloc \u00e9taient d\u00e9tenus par la soci\u00e9t\u00e9 nationale de p\u00e9trole et de gaz ETAP. TOPIC \u00e9tait l\u2019op\u00e9rateur. \u00c0 la fin de l\u2019ann\u00e9e 2009, le capital de la soci\u00e9t\u00e9 a encore augment\u00e9 de 43,5\u00a0millions de dollars.<\/p>\n<p>\u00a0<\/p>\n\t\t\t\t\t\t<\/div>\n\t\t\t\t<\/div>\n\t\t\t\t\t<\/div>\n\t\t<\/div>\n\t\t\t\t<div class=\"elementor-column elementor-col-33 elementor-top-column elementor-element elementor-element-b947316\" data-id=\"b947316\" data-element_type=\"column\">\n\t\t\t<div class=\"elementor-widget-wrap elementor-element-populated\">\n\t\t\t\t\t\t\t\t<div class=\"elementor-element elementor-element-060e3d1 elementor-invisible elementor-widget elementor-widget-image\" data-id=\"060e3d1\" data-element_type=\"widget\" data-settings=\"{&quot;_animation&quot;:&quot;fadeInRight&quot;}\" data-widget_type=\"image.default\">\n\t\t\t\t<div class=\"elementor-widget-container\">\n\t\t\t\t\t\t\t\t\t\t\t\t\t\t\t<img decoding=\"async\" width=\"1000\" height=\"562\" src=\"https:\/\/topicenergy.mediatd.com\/wp-content\/uploads\/2022\/12\/3ex.jpg\" class=\"attachment-large size-large wp-image-7659\" alt=\"Tunisian Offshore and onshore Petroleum and Industrial Contractors\" loading=\"lazy\" srcset=\"https:\/\/topicenergy.mediatd.com\/wp-content\/uploads\/2022\/12\/3ex.jpg 1000w, https:\/\/topicenergy.mediatd.com\/wp-content\/uploads\/2022\/12\/3ex-600x337.jpg 600w, https:\/\/topicenergy.mediatd.com\/wp-content\/uploads\/2022\/12\/3ex-300x169.jpg 300w, https:\/\/topicenergy.mediatd.com\/wp-content\/uploads\/2022\/12\/3ex-768x432.jpg 768w, https:\/\/topicenergy.mediatd.com\/wp-content\/uploads\/2022\/12\/3ex-900x506.jpg 900w\" sizes=\"(max-width: 1000px) 100vw, 1000px\" \/>\t\t\t\t\t\t\t\t\t\t\t\t\t\t\t<\/div>\n\t\t\t\t<\/div>\n\t\t\t\t\t<\/div>\n\t\t<\/div>\n\t\t\t\t\t\t\t<\/div>\n\t\t<\/section>\n\t\t\t\t\t\t\t<\/div>\n\t\t","protected":false},"excerpt":{"rendered":"<p>HISTORIQUE DE L&#8217;ENTREPRISE TOPIC a \u00e9t\u00e9 incorpor\u00e9 en f\u00e9vrier\u00a02000 en tant que coentreprise entre TOUMI GROUP et deux professionnels sous le nom commercial de Tunisian Offshore et onshore Petroleum and Industrial Contractors S.A avec un capital de 0,4\u00a0million de TND.La soci\u00e9t\u00e9 a \u00e9t\u00e9 cr\u00e9\u00e9e dans le contexte d\u2019un rebond tr\u00e8s probable \u00e0 long terme des<\/p>\n","protected":false},"author":1,"featured_media":0,"parent":9674,"menu_order":0,"comment_status":"closed","ping_status":"closed","template":"","meta":[],"_links":{"self":[{"href":"https:\/\/topicenergy.mediatd.com\/fr\/wp-json\/wp\/v2\/pages\/8813"}],"collection":[{"href":"https:\/\/topicenergy.mediatd.com\/fr\/wp-json\/wp\/v2\/pages"}],"about":[{"href":"https:\/\/topicenergy.mediatd.com\/fr\/wp-json\/wp\/v2\/types\/page"}],"author":[{"embeddable":true,"href":"https:\/\/topicenergy.mediatd.com\/fr\/wp-json\/wp\/v2\/users\/1"}],"replies":[{"embeddable":true,"href":"https:\/\/topicenergy.mediatd.com\/fr\/wp-json\/wp\/v2\/comments?post=8813"}],"version-history":[{"count":13,"href":"https:\/\/topicenergy.mediatd.com\/fr\/wp-json\/wp\/v2\/pages\/8813\/revisions"}],"predecessor-version":[{"id":9537,"href":"https:\/\/topicenergy.mediatd.com\/fr\/wp-json\/wp\/v2\/pages\/8813\/revisions\/9537"}],"up":[{"embeddable":true,"href":"https:\/\/topicenergy.mediatd.com\/fr\/wp-json\/wp\/v2\/pages\/9674"}],"wp:attachment":[{"href":"https:\/\/topicenergy.mediatd.com\/fr\/wp-json\/wp\/v2\/media?parent=8813"}],"curies":[{"name":"wp","href":"https:\/\/api.w.org\/{rel}","templated":true}]}}