{"id":8798,"date":"2022-12-19T17:12:27","date_gmt":"2022-12-19T16:12:27","guid":{"rendered":"https:\/\/topicenergy.mediatd.com\/?page_id=8798"},"modified":"2022-12-27T11:04:56","modified_gmt":"2022-12-27T10:04:56","slug":"organigramme","status":"publish","type":"page","link":"https:\/\/topicenergy.mediatd.com\/fr\/presentation\/organigramme\/","title":{"rendered":"ORGANIGRAMME"},"content":{"rendered":"\t\t<div data-elementor-type=\"wp-page\" data-elementor-id=\"8798\" class=\"elementor elementor-8798\">\n\t\t\t\t\t\t\t\t\t<section class=\"elementor-section elementor-top-section elementor-element elementor-element-9d5a05b mobile_no_paddings elementor-section-boxed elementor-section-height-default elementor-section-height-default\" data-id=\"9d5a05b\" data-element_type=\"section\" data-settings=\"{&quot;background_background&quot;:&quot;classic&quot;}\">\n\t\t\t\t\t\t\t<div class=\"elementor-background-overlay\"><\/div>\n\t\t\t\t\t\t\t<div class=\"elementor-container elementor-column-gap-default\">\n\t\t\t\t\t<div class=\"elementor-column elementor-col-100 elementor-top-column elementor-element elementor-element-edf84f9 mobile_no_paddings\" data-id=\"edf84f9\" data-element_type=\"column\" data-settings=\"{&quot;background_background&quot;:&quot;classic&quot;}\">\n\t\t\t<div class=\"elementor-widget-wrap elementor-element-populated\">\n\t\t\t\t\t\t\t\t<div class=\"elementor-element elementor-element-defded7 elementor-widget elementor-widget-heading\" data-id=\"defded7\" data-element_type=\"widget\" data-widget_type=\"heading.default\">\n\t\t\t\t<div class=\"elementor-widget-container\">\n\t\t\t<style>\/*! elementor - v3.9.0 - 06-12-2022 *\/\n.elementor-heading-title{padding:0;margin:0;line-height:1}.elementor-widget-heading .elementor-heading-title[class*=elementor-size-]>a{color:inherit;font-size:inherit;line-height:inherit}.elementor-widget-heading .elementor-heading-title.elementor-size-small{font-size:15px}.elementor-widget-heading .elementor-heading-title.elementor-size-medium{font-size:19px}.elementor-widget-heading .elementor-heading-title.elementor-size-large{font-size:29px}.elementor-widget-heading .elementor-heading-title.elementor-size-xl{font-size:39px}.elementor-widget-heading .elementor-heading-title.elementor-size-xxl{font-size:59px}<\/style><h2 class=\"elementor-heading-title elementor-size-default\">ORGANIGRAMME<\/h2>\t\t<\/div>\n\t\t\t\t<\/div>\n\t\t\t\t\t<\/div>\n\t\t<\/div>\n\t\t\t\t\t\t\t<\/div>\n\t\t<\/section>\n\t\t\t\t<section class=\"elementor-section elementor-top-section elementor-element elementor-element-2f62623 elementor-section-boxed elementor-section-height-default elementor-section-height-default\" data-id=\"2f62623\" data-element_type=\"section\">\n\t\t\t\t\t\t<div class=\"elementor-container elementor-column-gap-default\">\n\t\t\t\t\t<div class=\"elementor-column elementor-col-100 elementor-top-column elementor-element elementor-element-709a4a0\" data-id=\"709a4a0\" data-element_type=\"column\">\n\t\t\t<div class=\"elementor-widget-wrap elementor-element-populated\">\n\t\t\t\t\t\t\t\t<div class=\"elementor-element elementor-element-bbf1cd5 elementor-widget elementor-widget-heading\" data-id=\"bbf1cd5\" data-element_type=\"widget\" data-widget_type=\"heading.default\">\n\t\t\t\t<div class=\"elementor-widget-container\">\n\t\t\t<h4 class=\"elementor-heading-title elementor-size-default\">L\u2019organisation de l\u2019entreprise est structur\u00e9e autour de quatre niveaux :<\/h4>\t\t<\/div>\n\t\t\t\t<\/div>\n\t\t\t\t<div class=\"elementor-element elementor-element-0325db1 elementor-invisible elementor-widget elementor-widget-text-editor\" data-id=\"0325db1\" data-element_type=\"widget\" data-settings=\"{&quot;_animation&quot;:&quot;fadeInDown&quot;}\" data-widget_type=\"text-editor.default\">\n\t\t\t\t<div class=\"elementor-widget-container\">\n\t\t\t<style>\/*! elementor - v3.9.0 - 06-12-2022 *\/\n.elementor-widget-text-editor.elementor-drop-cap-view-stacked .elementor-drop-cap{background-color:#818a91;color:#fff}.elementor-widget-text-editor.elementor-drop-cap-view-framed .elementor-drop-cap{color:#818a91;border:3px solid;background-color:transparent}.elementor-widget-text-editor:not(.elementor-drop-cap-view-default) .elementor-drop-cap{margin-top:8px}.elementor-widget-text-editor:not(.elementor-drop-cap-view-default) .elementor-drop-cap-letter{width:1em;height:1em}.elementor-widget-text-editor .elementor-drop-cap{float:left;text-align:center;line-height:1;font-size:50px}.elementor-widget-text-editor .elementor-drop-cap-letter{display:inline-block}<\/style>\t\t\t\t<p>\u00a0<\/p>\n<ul>\n<li>Niveau politique, y compris l\u2019assembl\u00e9e g\u00e9n\u00e9rale et le conseil d\u2019administration.<\/li>\n<li>Niveau strat\u00e9gique, y compris le directeur g\u00e9n\u00e9ral, le vice-pr\u00e9sident,<\/li>\n<li>Technique et ing\u00e9nierie, et le vice-pr\u00e9sident, Finances et administration.<\/li>\n<li>Le niveau de gestion au jour le jour, y compris le gestionnaire des op\u00e9rations, le gestionnaire de la recherche et du d\u00e9veloppement et le gestionnaire financier.<\/li>\n<li>Le niveau d\u2019ex\u00e9cution, y compris les activit\u00e9s d\u2019exploration, les activit\u00e9s de d\u00e9veloppement et les activit\u00e9s de production<\/li>\n<\/ul>\n\t\t\t\t\t\t<\/div>\n\t\t\t\t<\/div>\n\t\t\t\t\t<\/div>\n\t\t<\/div>\n\t\t\t\t\t\t\t<\/div>\n\t\t<\/section>\n\t\t\t\t<section class=\"elementor-section elementor-top-section elementor-element elementor-element-888b0b5 elementor-section-boxed elementor-section-height-default elementor-section-height-default\" data-id=\"888b0b5\" data-element_type=\"section\">\n\t\t\t\t\t\t<div class=\"elementor-container elementor-column-gap-default\">\n\t\t\t\t\t<div class=\"elementor-column elementor-col-100 elementor-top-column elementor-element elementor-element-89da40f\" data-id=\"89da40f\" data-element_type=\"column\">\n\t\t\t<div class=\"elementor-widget-wrap elementor-element-populated\">\n\t\t\t\t\t\t\t\t<div class=\"elementor-element elementor-element-f6eacc5 elementor-widget elementor-widget-image-gallery\" data-id=\"f6eacc5\" data-element_type=\"widget\" data-widget_type=\"image-gallery.default\">\n\t\t\t\t<div class=\"elementor-widget-container\">\n\t\t\t<style>\/*! elementor - v3.9.0 - 06-12-2022 *\/\n.elementor-image-gallery .gallery-item{display:inline-block;text-align:center;vertical-align:top;width:100%;max-width:100%;margin:0 auto}.elementor-image-gallery .gallery-item img{margin:0 auto}.elementor-image-gallery .gallery-item .gallery-caption{margin:0}.elementor-image-gallery figure img{display:block}.elementor-image-gallery figure figcaption{width:100%}.gallery-spacing-custom .elementor-image-gallery .gallery-icon{padding:0}@media (min-width:768px){.elementor-image-gallery .gallery-columns-2 .gallery-item{max-width:50%}.elementor-image-gallery .gallery-columns-3 .gallery-item{max-width:33.33%}.elementor-image-gallery .gallery-columns-4 .gallery-item{max-width:25%}.elementor-image-gallery .gallery-columns-5 .gallery-item{max-width:20%}.elementor-image-gallery .gallery-columns-6 .gallery-item{max-width:16.666%}.elementor-image-gallery .gallery-columns-7 .gallery-item{max-width:14.28%}.elementor-image-gallery .gallery-columns-8 .gallery-item{max-width:12.5%}.elementor-image-gallery .gallery-columns-9 .gallery-item{max-width:11.11%}.elementor-image-gallery .gallery-columns-10 .gallery-item{max-width:10%}}@media (min-width:480px) and (max-width:767px){.elementor-image-gallery .gallery.gallery-columns-2 .gallery-item,.elementor-image-gallery .gallery.gallery-columns-3 .gallery-item,.elementor-image-gallery .gallery.gallery-columns-4 .gallery-item,.elementor-image-gallery .gallery.gallery-columns-5 .gallery-item,.elementor-image-gallery .gallery.gallery-columns-6 .gallery-item,.elementor-image-gallery .gallery.gallery-columns-7 .gallery-item,.elementor-image-gallery .gallery.gallery-columns-8 .gallery-item,.elementor-image-gallery .gallery.gallery-columns-9 .gallery-item,.elementor-image-gallery .gallery.gallery-columns-10 .gallery-item{max-width:50%}}@media (max-width:479px){.elementor-image-gallery .gallery.gallery-columns-2 .gallery-item,.elementor-image-gallery .gallery.gallery-columns-3 .gallery-item,.elementor-image-gallery .gallery.gallery-columns-4 .gallery-item,.elementor-image-gallery .gallery.gallery-columns-5 .gallery-item,.elementor-image-gallery .gallery.gallery-columns-6 .gallery-item,.elementor-image-gallery .gallery.gallery-columns-7 .gallery-item,.elementor-image-gallery .gallery.gallery-columns-8 .gallery-item,.elementor-image-gallery .gallery.gallery-columns-9 .gallery-item,.elementor-image-gallery .gallery.gallery-columns-10 .gallery-item{max-width:100%}}<\/style>\t\t<div class=\"elementor-image-gallery\">\n\t\t\t\t\t<\/div>\n\t\t\t\t<\/div>\n\t\t\t\t<\/div>\n\t\t\t\t\t<\/div>\n\t\t<\/div>\n\t\t\t\t\t\t\t<\/div>\n\t\t<\/section>\n\t\t\t\t\t\t\t<\/div>\n\t\t","protected":false},"excerpt":{"rendered":"<p>ORGANIGRAMME L\u2019organisation de l\u2019entreprise est structur\u00e9e autour de quatre niveaux : \u00a0 Niveau politique, y compris l\u2019assembl\u00e9e g\u00e9n\u00e9rale et le conseil d\u2019administration. Niveau strat\u00e9gique, y compris le directeur g\u00e9n\u00e9ral, le vice-pr\u00e9sident, Technique et ing\u00e9nierie, et le vice-pr\u00e9sident, Finances et administration. Le niveau de gestion au jour le jour, y compris le gestionnaire des op\u00e9rations, le<\/p>\n","protected":false},"author":1,"featured_media":0,"parent":9674,"menu_order":0,"comment_status":"closed","ping_status":"closed","template":"","meta":[],"_links":{"self":[{"href":"https:\/\/topicenergy.mediatd.com\/fr\/wp-json\/wp\/v2\/pages\/8798"}],"collection":[{"href":"https:\/\/topicenergy.mediatd.com\/fr\/wp-json\/wp\/v2\/pages"}],"about":[{"href":"https:\/\/topicenergy.mediatd.com\/fr\/wp-json\/wp\/v2\/types\/page"}],"author":[{"embeddable":true,"href":"https:\/\/topicenergy.mediatd.com\/fr\/wp-json\/wp\/v2\/users\/1"}],"replies":[{"embeddable":true,"href":"https:\/\/topicenergy.mediatd.com\/fr\/wp-json\/wp\/v2\/comments?post=8798"}],"version-history":[{"count":21,"href":"https:\/\/topicenergy.mediatd.com\/fr\/wp-json\/wp\/v2\/pages\/8798\/revisions"}],"predecessor-version":[{"id":9596,"href":"https:\/\/topicenergy.mediatd.com\/fr\/wp-json\/wp\/v2\/pages\/8798\/revisions\/9596"}],"up":[{"embeddable":true,"href":"https:\/\/topicenergy.mediatd.com\/fr\/wp-json\/wp\/v2\/pages\/9674"}],"wp:attachment":[{"href":"https:\/\/topicenergy.mediatd.com\/fr\/wp-json\/wp\/v2\/media?parent=8798"}],"curies":[{"name":"wp","href":"https:\/\/api.w.org\/{rel}","templated":true}]}}