{"id":8792,"date":"2022-12-19T17:10:08","date_gmt":"2022-12-19T16:10:08","guid":{"rendered":"https:\/\/topicenergy.mediatd.com\/?page_id=8792"},"modified":"2022-12-27T08:49:38","modified_gmt":"2022-12-27T07:49:38","slug":"structure-dentreprise","status":"publish","type":"page","link":"https:\/\/topicenergy.mediatd.com\/fr\/presentation\/structure-dentreprise\/","title":{"rendered":"Structure d&#8217;entreprise"},"content":{"rendered":"\t\t<div data-elementor-type=\"wp-page\" data-elementor-id=\"8792\" class=\"elementor elementor-8792\">\n\t\t\t\t\t\t\t\t\t<section class=\"elementor-section elementor-top-section elementor-element elementor-element-aa08fef mobile_no_paddings elementor-section-boxed elementor-section-height-default elementor-section-height-default\" data-id=\"aa08fef\" data-element_type=\"section\" data-settings=\"{&quot;background_background&quot;:&quot;classic&quot;}\">\n\t\t\t\t\t\t\t<div class=\"elementor-background-overlay\"><\/div>\n\t\t\t\t\t\t\t<div class=\"elementor-container elementor-column-gap-default\">\n\t\t\t\t\t<div class=\"elementor-column elementor-col-100 elementor-top-column elementor-element elementor-element-33c71de mobile_no_paddings\" data-id=\"33c71de\" data-element_type=\"column\" data-settings=\"{&quot;background_background&quot;:&quot;classic&quot;}\">\n\t\t\t<div class=\"elementor-widget-wrap elementor-element-populated\">\n\t\t\t\t\t\t\t\t<div class=\"elementor-element elementor-element-4c503cd elementor-widget elementor-widget-heading\" data-id=\"4c503cd\" data-element_type=\"widget\" data-widget_type=\"heading.default\">\n\t\t\t\t<div class=\"elementor-widget-container\">\n\t\t\t<style>\/*! elementor - v3.9.0 - 06-12-2022 *\/\n.elementor-heading-title{padding:0;margin:0;line-height:1}.elementor-widget-heading .elementor-heading-title[class*=elementor-size-]>a{color:inherit;font-size:inherit;line-height:inherit}.elementor-widget-heading .elementor-heading-title.elementor-size-small{font-size:15px}.elementor-widget-heading .elementor-heading-title.elementor-size-medium{font-size:19px}.elementor-widget-heading .elementor-heading-title.elementor-size-large{font-size:29px}.elementor-widget-heading .elementor-heading-title.elementor-size-xl{font-size:39px}.elementor-widget-heading .elementor-heading-title.elementor-size-xxl{font-size:59px}<\/style><h2 class=\"elementor-heading-title elementor-size-default\">STRUCTURE D'ENTREPRISE\n<\/h2>\t\t<\/div>\n\t\t\t\t<\/div>\n\t\t\t\t\t<\/div>\n\t\t<\/div>\n\t\t\t\t\t\t\t<\/div>\n\t\t<\/section>\n\t\t\t\t<section class=\"elementor-section elementor-top-section elementor-element elementor-element-3f36e31 elementor-section-boxed elementor-section-height-default elementor-section-height-default\" data-id=\"3f36e31\" data-element_type=\"section\">\n\t\t\t\t\t\t<div class=\"elementor-container elementor-column-gap-default\">\n\t\t\t\t\t<div class=\"elementor-column elementor-col-50 elementor-top-column elementor-element elementor-element-3abbdaf\" data-id=\"3abbdaf\" data-element_type=\"column\">\n\t\t\t<div class=\"elementor-widget-wrap elementor-element-populated\">\n\t\t\t\t\t\t\t\t<div class=\"elementor-element elementor-element-7a3c602 elementor-invisible elementor-widget elementor-widget-text-editor\" data-id=\"7a3c602\" data-element_type=\"widget\" data-settings=\"{&quot;_animation&quot;:&quot;fadeInDown&quot;}\" data-widget_type=\"text-editor.default\">\n\t\t\t\t<div class=\"elementor-widget-container\">\n\t\t\t<style>\/*! elementor - v3.9.0 - 06-12-2022 *\/\n.elementor-widget-text-editor.elementor-drop-cap-view-stacked .elementor-drop-cap{background-color:#818a91;color:#fff}.elementor-widget-text-editor.elementor-drop-cap-view-framed .elementor-drop-cap{color:#818a91;border:3px solid;background-color:transparent}.elementor-widget-text-editor:not(.elementor-drop-cap-view-default) .elementor-drop-cap{margin-top:8px}.elementor-widget-text-editor:not(.elementor-drop-cap-view-default) .elementor-drop-cap-letter{width:1em;height:1em}.elementor-widget-text-editor .elementor-drop-cap{float:left;text-align:center;line-height:1;font-size:50px}.elementor-widget-text-editor .elementor-drop-cap-letter{display:inline-block}<\/style>\t\t\t\t<h4>Actuellement, les principaux actionnaires de TOPIC sont SAROST SA, le groupe Banque de l\u2019habitat et le groupe STB.<\/h4>\n\t\t\t\t\t\t<\/div>\n\t\t\t\t<\/div>\n\t\t\t\t<div class=\"elementor-element elementor-element-38b124f elementor-invisible elementor-widget elementor-widget-stm_charts\" data-id=\"38b124f\" data-element_type=\"widget\" data-settings=\"{&quot;_animation&quot;:&quot;fadeInDown&quot;}\" data-widget_type=\"stm_charts.default\">\n\t\t\t\t<div class=\"elementor-widget-container\">\n\t\t\t    <div class=\"stm_chart stm_charts legend_position_right\">\n        <canvas id=\"chart_69ea21010f423\"\n                width=\"470\"\n                height=\"370\"><\/canvas>\n        <script type=\"text\/javascript\">\n\n            jQuery(window).on('load', function ($) {\n                var showLegend = false;\n                                showLegend = true;\n                                var ChartData_chart_69ea21010f423 = {\"datasets\":[{\"label\":\"My First Dataset\",\"data\":[\"50\",\"18\",\"8\",\"8\",\"10\",\"6\"],\"backgroundColor\":[\"rgba(51, 153, 51, 0.75)\",\"rgba(0, 204, 1, 0.75)\",\"rgba(255, 255, 0, 0.75)\",\"rgba(253, 201, 100, 0.75)\",\"rgba(255, 102, 0, 0.75)\",\"rgba(254, 80, 81, 0.75)\"]}],\"labels\":[\"SAROST\",\"Groupe BH\",\"Groupe STB\",\"Groupe BOURICHA\",\"Groupe  TOUMI\",\"Professionnels\"]};\n                var chart_69ea21010f423 = jQuery(\"#chart_69ea21010f423\").get(0).getContext(\"2d\");\n                chart_69ea21010f423.\n                canvas.width = 470;\n                chart_69ea21010f423.\n                canvas.height = 370;\n\n                var stackedLine = new Chart(chart_69ea21010f423, {\n                    type: 'pie',\n                    data: ChartData_chart_69ea21010f423,\n                    options: {\n                        'legend': {\n                            'position': 'right',\n                            'display': showLegend\n                        },\n                                                'responsive': true,\n                        maintainAspectRatio: false\n                    }\n                });\n            });\n\n        <\/script>\n    <\/div>\n\t\t<\/div>\n\t\t\t\t<\/div>\n\t\t\t\t\t<\/div>\n\t\t<\/div>\n\t\t\t\t<div class=\"elementor-column elementor-col-50 elementor-top-column elementor-element elementor-element-d9ac9fb\" data-id=\"d9ac9fb\" data-element_type=\"column\">\n\t\t\t<div class=\"elementor-widget-wrap elementor-element-populated\">\n\t\t\t\t\t\t\t\t<div class=\"elementor-element elementor-element-10a80fe elementor-widget elementor-widget-stm_sidebar\" data-id=\"10a80fe\" data-element_type=\"widget\" data-widget_type=\"stm_sidebar.default\">\n\t\t\t\t<div class=\"elementor-widget-container\">\n\t\t\t\n<div class=\"stm_sidebar consulting_elementor_sidebar\">\n\n            \t\t<div data-elementor-type=\"wp-post\" data-elementor-id=\"8773\" class=\"elementor elementor-8773\">\n\t\t\t\t\t\t\t\t\t<section class=\"elementor-section elementor-top-section elementor-element elementor-element-0263cc7 third_bg_color elementor-section-boxed elementor-section-height-default elementor-section-height-default\" data-id=\"0263cc7\" data-element_type=\"section\" data-settings=\"{&quot;background_background&quot;:&quot;classic&quot;}\">\n\t\t\t\t\t\t<div class=\"elementor-container elementor-column-gap-default\">\n\t\t\t\t\t<div class=\"elementor-column elementor-col-100 elementor-top-column elementor-element elementor-element-02641b9\" data-id=\"02641b9\" data-element_type=\"column\" data-settings=\"{&quot;background_background&quot;:&quot;classic&quot;}\">\n\t\t\t<div class=\"elementor-widget-wrap elementor-element-populated\">\n\t\t\t\t\t\t\t\t<div class=\"elementor-element elementor-element-0264545 elementor-widget elementor-widget-vc_custom_heading\" data-id=\"0264545\" data-element_type=\"widget\" data-widget_type=\"vc_custom_heading.default\">\n\t\t\t\t<div class=\"elementor-widget-container\">\n\t\t\t<div class=\" vc_custom_heading  consulting_heading_font  text_align_left\" ><div style=\"font-size: 16px;color: #ffffff;text-align: left;font-weight:700\" class=\"consulting-custom-title\">Comment pouvons-nous vous aider ?\n<\/div><\/div>\t\t<\/div>\n\t\t\t\t<\/div>\n\t\t\t\t<div class=\"elementor-element elementor-element-026482f elementor-widget elementor-widget-text-editor\" data-id=\"026482f\" data-element_type=\"widget\" data-widget_type=\"text-editor.default\">\n\t\t\t\t<div class=\"elementor-widget-container\">\n\t\t\t\t\t\t\t<p>N\u2019h\u00e9sitez pas \u00e0 demander tout ce que vous devez savoir sur nos services.<\/p>\n\t\t\t\t\t\t<\/div>\n\t\t\t\t<\/div>\n\t\t\t\t<div class=\"elementor-element elementor-element-0264ac2 elementor-widget__width-auto elementor-widget elementor-widget-button\" data-id=\"0264ac2\" data-element_type=\"widget\" data-widget_type=\"button.default\">\n\t\t\t\t<div class=\"elementor-widget-container\">\n\t\t\t\t\t<div class=\"elementor-button-wrapper icon_align_left  \">\n\t\t\t<a href=\"https:\/\/topicenergy.mediatd.com\/contact-us\/\" class=\"elementor-button-link elementor-button elementor-size-sm\" role=\"button\">\n\t\t\t\t\t\t<span class=\"elementor-button-content-wrapper\">\n\t\t\t\t\t\t\t<span class=\"elementor-button-icon elementor-align-icon-left\">\n\t\t\t\t<i aria-hidden=\"true\" class=\"fa fa-phone-square\"><\/i>\t\t\t<\/span>\n\t\t\t\t\t\t<span class=\"elementor-button-text\">Contactez nous<\/span>\n\t\t<\/span>\n\t\t\t\t\t<\/a>\n\t\t<\/div>\n\t\t\t\t<\/div>\n\t\t\t\t<\/div>\n\t\t\t\t\t<\/div>\n\t\t<\/div>\n\t\t\t\t\t\t\t<\/div>\n\t\t<\/section>\n\t\t\t\t<section class=\"elementor-section elementor-top-section elementor-element elementor-element-026584e elementor-section-boxed elementor-section-height-default elementor-section-height-default\" data-id=\"026584e\" data-element_type=\"section\" data-settings=\"{&quot;background_background&quot;:&quot;classic&quot;}\">\n\t\t\t\t\t\t<div class=\"elementor-container elementor-column-gap-default\">\n\t\t\t\t\t<div class=\"elementor-column elementor-col-100 elementor-top-column elementor-element elementor-element-0265dcd\" data-id=\"0265dcd\" data-element_type=\"column\">\n\t\t\t<div class=\"elementor-widget-wrap elementor-element-populated\">\n\t\t\t\t\t\t\t\t<div class=\"elementor-element elementor-element-02661a6 elementor-align-left elementor-widget elementor-widget-button\" data-id=\"02661a6\" data-element_type=\"widget\" data-widget_type=\"button.default\">\n\t\t\t\t<div class=\"elementor-widget-container\">\n\t\t\t\t\t<div class=\"elementor-button-wrapper icon_align_left  button_block\">\n\t\t\t<a href=\"https:\/\/topicenergy.mediatd.com\/presentation\/company-background\/\" class=\"elementor-button-link elementor-button elementor-size-lg\" role=\"button\">\n\t\t\t\t\t\t<span class=\"elementor-button-content-wrapper\">\n\t\t\t\t\t\t\t<span class=\"elementor-button-icon elementor-align-icon-left\">\n\t\t\t\t<i aria-hidden=\"true\" class=\"fa fa-file-pdf-o\"><\/i>\t\t\t<\/span>\n\t\t\t\t\t\t<span class=\"elementor-button-text\">Profil de la soci\u00e9t\u00e9<\/span>\n\t\t<\/span>\n\t\t\t\t\t<\/a>\n\t\t<\/div>\n\t\t\t\t<\/div>\n\t\t\t\t<\/div>\n\t\t\t\t\t<\/div>\n\t\t<\/div>\n\t\t\t\t\t\t\t<\/div>\n\t\t<\/section>\n\t\t\t\t<section class=\"elementor-section elementor-top-section elementor-element elementor-element-0266c3f elementor-section-boxed elementor-section-height-default elementor-section-height-default\" data-id=\"0266c3f\" data-element_type=\"section\">\n\t\t\t\t\t\t<div class=\"elementor-container elementor-column-gap-default\">\n\t\t\t\t\t<div class=\"elementor-column elementor-col-100 elementor-top-column elementor-element elementor-element-02671b1\" data-id=\"02671b1\" data-element_type=\"column\">\n\t\t\t<div class=\"elementor-widget-wrap\">\n\t\t\t\t\t\t\t\t\t<\/div>\n\t\t<\/div>\n\t\t\t\t\t\t\t<\/div>\n\t\t<\/section>\n\t\t\t\t\t\t\t<\/div>\n\t\t    \n<\/div>\t\t<\/div>\n\t\t\t\t<\/div>\n\t\t\t\t\t<\/div>\n\t\t<\/div>\n\t\t\t\t\t\t\t<\/div>\n\t\t<\/section>\n\t\t\t\t\t\t\t<\/div>\n\t\t","protected":false},"excerpt":{"rendered":"<p>STRUCTURE D&#8217;ENTREPRISE Actuellement, les principaux actionnaires de TOPIC sont SAROST SA, le groupe Banque de l\u2019habitat et le groupe STB. Comment pouvons-nous vous aider ? N\u2019h\u00e9sitez pas \u00e0 demander tout ce que vous devez savoir sur nos services. Contactez nous Profil de la soci\u00e9t\u00e9<\/p>\n","protected":false},"author":1,"featured_media":0,"parent":9674,"menu_order":0,"comment_status":"closed","ping_status":"closed","template":"","meta":[],"_links":{"self":[{"href":"https:\/\/topicenergy.mediatd.com\/fr\/wp-json\/wp\/v2\/pages\/8792"}],"collection":[{"href":"https:\/\/topicenergy.mediatd.com\/fr\/wp-json\/wp\/v2\/pages"}],"about":[{"href":"https:\/\/topicenergy.mediatd.com\/fr\/wp-json\/wp\/v2\/types\/page"}],"author":[{"embeddable":true,"href":"https:\/\/topicenergy.mediatd.com\/fr\/wp-json\/wp\/v2\/users\/1"}],"replies":[{"embeddable":true,"href":"https:\/\/topicenergy.mediatd.com\/fr\/wp-json\/wp\/v2\/comments?post=8792"}],"version-history":[{"count":23,"href":"https:\/\/topicenergy.mediatd.com\/fr\/wp-json\/wp\/v2\/pages\/8792\/revisions"}],"predecessor-version":[{"id":9435,"href":"https:\/\/topicenergy.mediatd.com\/fr\/wp-json\/wp\/v2\/pages\/8792\/revisions\/9435"}],"up":[{"embeddable":true,"href":"https:\/\/topicenergy.mediatd.com\/fr\/wp-json\/wp\/v2\/pages\/9674"}],"wp:attachment":[{"href":"https:\/\/topicenergy.mediatd.com\/fr\/wp-json\/wp\/v2\/media?parent=8792"}],"curies":[{"name":"wp","href":"https:\/\/api.w.org\/{rel}","templated":true}]}}